{"id":1666,"date":"2025-09-02T12:55:23","date_gmt":"2025-09-02T12:55:23","guid":{"rendered":"https:\/\/homologcop30.pactoglobal.org.br\/?page_id=1666"},"modified":"2025-09-18T19:00:02","modified_gmt":"2025-09-18T19:00:02","slug":"grupo-de-trabalho-de-agricultura-sustentavel","status":"publish","type":"page","link":"https:\/\/cop30.pactoglobal.org.br\/index.php\/grupo-de-trabalho-de-agricultura-sustentavel\/","title":{"rendered":"Grupo de Trabalho de Agricultura Sustent\u00e1vel"},"content":{"rendered":"\t\t<div data-elementor-type=\"wp-page\" data-elementor-id=\"1666\" class=\"elementor elementor-1666\">\n\t\t\t\t<div class=\"elementor-element elementor-element-35508e8 e-con-full e-flex e-con e-parent\" data-id=\"35508e8\" data-element_type=\"container\" data-settings=\"{&quot;background_background&quot;:&quot;classic&quot;}\">\n\t\t\t\t<\/div>\n\t\t<div class=\"elementor-element elementor-element-2f6952f8 e-flex e-con-boxed e-con e-parent\" data-id=\"2f6952f8\" data-element_type=\"container\">\n\t\t\t\t\t<div class=\"e-con-inner\">\n\t\t\t\t<div class=\"elementor-element elementor-element-115a6e21 elementor-widget elementor-widget-text-editor\" data-id=\"115a6e21\" data-element_type=\"widget\" data-widget_type=\"text-editor.default\">\n\t\t\t\t<div class=\"elementor-widget-container\">\n\t\t\t\t\t\t\t\t\t\n<p>\u00a0<\/p>\n<p>Grupo de Trabalho (GT) voltado para a promo\u00e7\u00e3o de sistemas alimentares mais resilientes e sustent\u00e1veis. Uma de suas principais frentes \u00e9 a <strong>For\u00e7a-Tarefa de Agricultura Regenerativa<\/strong>, dedicada \u00e0 compreens\u00e3o, defini\u00e7\u00e3o e aplica\u00e7\u00e3o dos princ\u00edpios da agricultura regenerativa nas cadeias produtivas para adapta\u00e7\u00e3o clim\u00e1tica na agricultura.<\/p>\n\n<p><strong>QUAL O OBJETIVO?<br \/><\/strong>Promover sistemas alimentares regenerativos, impulsionar pr\u00e1ticas agr\u00edcolas que restaurem os ecossistemas agr\u00edcolas, a sa\u00fade do solo e o ciclo h\u00eddrico para aumentar a resili\u00eancia das comunidades rurais frente aos desafios clim\u00e1ticos globais.<\/p>\n\n<p><strong>COMO ATINGIR?<br \/><\/strong>Ser\u00e3o realizadas diversas a\u00e7\u00f5es, entre elas:<\/p>\n<ul>\n<li><strong>Workshops e webinars<\/strong> com foco na discuss\u00e3o sobre conceitos e fundamentos da Agricultura Regenerativa e apresenta\u00e7\u00e3o de cases de sucesso.<\/li>\n<\/ul>\n\n<ul>\n<li>Desenvolvimento e publica\u00e7\u00e3o do <strong>Guia <\/strong>sobre Agricultura Regenerativa.<\/li>\n<\/ul>\n\n<ul>\n<li><strong>Reconhecimento empresarial<\/strong> para destacar empresas que atuam na implementa\u00e7\u00e3o de pr\u00e1ticas de Agricultura Regenerativa<\/li>\n<\/ul>\n\n<p><strong>CONTEXTO<br \/><\/strong>Priorizar pr\u00e1ticas regenerativas que fortalecem a sa\u00fade do solo, como o uso de culturas de cobertura, rota\u00e7\u00e3o de culturas e integra\u00e7\u00e3o lavoura, pecu\u00e1ria e floresta &#8211; ILPF, \u00e9 cada vez mais reconhecido como um dos pilares fundamentais para o setor agr\u00edcola. Essas pr\u00e1ticas n\u00e3o s\u00f3 aumentam a produtividade a longo prazo, mas tamb\u00e9m contribuem para a adapta\u00e7\u00e3o \u00e0s mudan\u00e7as do clima, a conserva\u00e7\u00e3o da \u00e1gua e a promo\u00e7\u00e3o da biodiversidade, tornando-se uma abordagem essencial para promover a seguran\u00e7a alimentar e a resili\u00eancia dos sistemas agr\u00edcolas frente aos desafios globais.<\/p>\n\n<p><strong>COMO VOC\u00ca PODE SE ENGAJAR?<\/strong><\/p>\n<ul>\n<li><strong>Empresa L\u00edder<\/strong>: assumir o papel de lideran\u00e7a na implanta\u00e7\u00e3o da estrat\u00e9gia, com a possibilidade de revisar, aprovar e propor novas tem\u00e1ticas a serem abordadas nas entregas do projeto.<\/li>\n<\/ul>\n\n<ul>\n<li><strong>Empresa do Comit\u00ea Consultivo<\/strong>: colaborar tecnicamente nas entregas previstas.<\/li>\n<\/ul>\n\n<ul>\n<li><strong>Empresa Participante: <\/strong>engajar-se nas atividades propostas e colaborar nas discuss\u00f5es, contribuindo com insights valiosos.<\/li>\n<\/ul>\n\n<p><strong>PR\u00c9-REQUISITOS PARA PARTICIPAR:<br \/><\/strong>Ser participante do Pacto Global \u2013 Rede Brasil e demonstrar interesse em apoiar ou participar do GT.<\/p>\n\t\t\t\t\t\t\t\t<\/div>\n\t\t\t\t<\/div>\n\t\t\t\t<div class=\"elementor-element elementor-element-5f79210 elementor-widget elementor-widget-button\" data-id=\"5f79210\" data-element_type=\"widget\" data-widget_type=\"button.default\">\n\t\t\t\t<div class=\"elementor-widget-container\">\n\t\t\t\t\t\t\t\t\t<div class=\"elementor-button-wrapper\">\n\t\t\t\t\t<a class=\"elementor-button elementor-button-link elementor-size-sm\" href=\"#\">\n\t\t\t\t\t\t<span class=\"elementor-button-content-wrapper\">\n\t\t\t\t\t\t\t\t\t<span class=\"elementor-button-text\">Quero fazer parte<\/span>\n\t\t\t\t\t<\/span>\n\t\t\t\t\t<\/a>\n\t\t\t\t<\/div>\n\t\t\t\t\t\t\t\t<\/div>\n\t\t\t\t<\/div>\n\t\t\t\t<div class=\"elementor-element elementor-element-da3ff14 elementor-widget elementor-widget-spacer\" data-id=\"da3ff14\" data-element_type=\"widget\" data-widget_type=\"spacer.default\">\n\t\t\t\t<div class=\"elementor-widget-container\">\n\t\t\t\t\t\t\t<div class=\"elementor-spacer\">\n\t\t\t<div class=\"elementor-spacer-inner\"><\/div>\n\t\t<\/div>\n\t\t\t\t\t\t<\/div>\n\t\t\t\t<\/div>\n\t\t\t\t\t<\/div>\n\t\t\t\t<\/div>\n\t\t\t\t<\/div>\n\t\t","protected":false},"excerpt":{"rendered":"<p>\u00a0 Grupo de Trabalho (GT) voltado para a promo\u00e7\u00e3o de sistemas alimentares mais resilientes e sustent\u00e1veis. Uma de suas principais frentes \u00e9 a For\u00e7a-Tarefa de Agricultura Regenerativa, dedicada \u00e0 compreens\u00e3o, defini\u00e7\u00e3o e aplica\u00e7\u00e3o dos princ\u00edpios da agricultura regenerativa nas cadeias produtivas para adapta\u00e7\u00e3o clim\u00e1tica na agricultura. QUAL O OBJETIVO?Promover sistemas alimentares regenerativos, impulsionar pr\u00e1ticas agr\u00edcolas&hellip; <a class=\"more-link\" href=\"https:\/\/cop30.pactoglobal.org.br\/index.php\/grupo-de-trabalho-de-agricultura-sustentavel\/\">Continue Reading <span class=\"screen-reader-text\">Grupo de Trabalho de Agricultura Sustent\u00e1vel<\/span><\/a><\/p>\n","protected":false},"author":2,"featured_media":0,"parent":0,"menu_order":0,"comment_status":"closed","ping_status":"closed","template":"elementor_header_footer","meta":{"footnotes":""},"class_list":["post-1666","page","type-page","status-publish","hentry","entry","mb-50"],"_links":{"self":[{"href":"https:\/\/cop30.pactoglobal.org.br\/index.php\/wp-json\/wp\/v2\/pages\/1666","targetHints":{"allow":["GET"]}}],"collection":[{"href":"https:\/\/cop30.pactoglobal.org.br\/index.php\/wp-json\/wp\/v2\/pages"}],"about":[{"href":"https:\/\/cop30.pactoglobal.org.br\/index.php\/wp-json\/wp\/v2\/types\/page"}],"author":[{"embeddable":true,"href":"https:\/\/cop30.pactoglobal.org.br\/index.php\/wp-json\/wp\/v2\/users\/2"}],"replies":[{"embeddable":true,"href":"https:\/\/cop30.pactoglobal.org.br\/index.php\/wp-json\/wp\/v2\/comments?post=1666"}],"version-history":[{"count":6,"href":"https:\/\/cop30.pactoglobal.org.br\/index.php\/wp-json\/wp\/v2\/pages\/1666\/revisions"}],"predecessor-version":[{"id":1829,"href":"https:\/\/cop30.pactoglobal.org.br\/index.php\/wp-json\/wp\/v2\/pages\/1666\/revisions\/1829"}],"wp:attachment":[{"href":"https:\/\/cop30.pactoglobal.org.br\/index.php\/wp-json\/wp\/v2\/media?parent=1666"}],"curies":[{"name":"wp","href":"https:\/\/api.w.org\/{rel}","templated":true}]}}