{"id":1480,"date":"2025-03-28T11:57:56","date_gmt":"2025-03-28T11:57:56","guid":{"rendered":"https:\/\/homologcop30.pactoglobal.org.br\/?page_id=1480"},"modified":"2025-09-23T15:13:43","modified_gmt":"2025-09-23T15:13:43","slug":"reinova","status":"publish","type":"page","link":"https:\/\/cop30.pactoglobal.org.br\/index.php\/reinova\/","title":{"rendered":"REINOVA\u00a0"},"content":{"rendered":"\t\t<div data-elementor-type=\"wp-page\" data-elementor-id=\"1480\" class=\"elementor elementor-1480\">\n\t\t\t\t<div class=\"elementor-element elementor-element-9db0e3e e-con-full e-flex e-con e-parent\" data-id=\"9db0e3e\" data-element_type=\"container\" data-settings=\"{&quot;background_background&quot;:&quot;classic&quot;}\">\n\t\t\t\t<\/div>\n\t\t<div class=\"elementor-element elementor-element-10eaaf68 e-flex e-con-boxed e-con e-parent\" data-id=\"10eaaf68\" data-element_type=\"container\">\n\t\t\t\t\t<div class=\"e-con-inner\">\n\t\t\t\t<div class=\"elementor-element elementor-element-375f678c elementor-widget elementor-widget-text-editor\" data-id=\"375f678c\" data-element_type=\"widget\" data-widget_type=\"text-editor.default\">\n\t\t\t\t<div class=\"elementor-widget-container\">\n\t\t\t\t\t\t\t\t\t\n<p>\u00a0<\/p>\n<p>Trabalhar itens selecionados do Invent\u00e1rio Nacional de Res\u00edduos visando solu\u00e7\u00f5es estrat\u00e9gicas no processo de design, produ\u00e7\u00e3o, distribui\u00e7\u00e3o e comportamento de descarte no p\u00f3s-consumo.\u00a0<\/p>\n\n<p><strong>QUAL O OBJETIVO?<\/strong>\u00a0<\/p>\n\n<p>Seu objetivo \u00e9 engajar ativamente as empresas para trabalhar itens selecionados visando solu\u00e7\u00f5es estrat\u00e9gicas no processo de design, produ\u00e7\u00e3o, distribui\u00e7\u00e3o e comportamento de descarte no p\u00f3s-consumo.\u00a0<\/p>\n\n<p><strong>COMO ATINGIR?<\/strong>\u00a0<\/p>\n\n<p>O Reinova agir\u00e1 por meio do desenvolvimento de prot\u00f3tipos de produtos das empresas participantes para colaborar com a solu\u00e7\u00e3o da problem\u00e1tica dos res\u00edduos s\u00f3lidos nos mares, rios e oceanos.\u00a0<\/p>\n\n<p>Do desafio da polui\u00e7\u00e3o \u00e0 escassez de recursos, a transi\u00e7\u00e3o para uma economia circular surge como um imperativo essencial. Ao abra\u00e7ar a economia circular, podemos transformar problemas ambientais em oportunidades, impulsionando a inova\u00e7\u00e3o e construindo um caminho mais resiliente para o futuro.\u00a0<\/p>\n\n<p><strong>CONTEXTO<\/strong>\u00a0<\/p>\n\n<p>Um <a href=\"https:\/\/go.pactoglobal.org.br\/SumarioExecutivoBlueKeepers\" target=\"_blank\" rel=\"noreferrer noopener\"><strong>estudo in\u00e9dito<\/strong><\/a>, encomendado pelo Blue Keepers em 2022, aponta que cada brasileiro pode ser respons\u00e1vel por poluir os mares com 16kg de pl\u00e1sticos por ano, sendo que 1\/3 do pl\u00e1stico produzido em todo o Brasil corre o risco de chegar ao oceano todos os anos, a pesquisa foi apresentada na Confer\u00eancia do Oceano das Na\u00e7\u00f5es Unidas de 2022.\u00a0\u00a0<\/p>\n\n<p>Em 2023, um segundo estudo revelou que o Brasil tem 600 grandes &#8216;portas de entrada&#8217; para a polui\u00e7\u00e3o pl\u00e1stica no Oceano Atl\u00e2ntico os dados s\u00e3o p\u00fablicos e est\u00e3o dispon\u00edveis acessando nosso <a href=\"https:\/\/www.pactoglobal.org.br\/webmapa-bluekeepers\/%E2%80%8B\" target=\"_blank\" rel=\"noreferrer noopener\"><strong>Webmapa<\/strong><\/a>, o estudo foi apresentado na reuni\u00e3o do Tratado Internacional pelo Fim da Polui\u00e7\u00e3o por Pl\u00e1sticos, liderado pela ONU Meio Ambiente. Ambas as pesquisas foram realizadas em parceria com o Instituto Oceanogr\u00e1fico da Universidade de S\u00e3o Paulo.\u00a0\u00a0<\/p>\n\n<p>A partir de 2024, o Blue Keepers abre os dados de suas coletas amostrais de res\u00edduos encontrados em manguezais, orlas de praia e margens de rios em diferentes localidades do Brasil: o Invent\u00e1rio Nacional de Res\u00edduos \u00e9 uma entrega que visa estimular iniciativas das empresas para solu\u00e7\u00f5es de design, log\u00edstica reversa e comportamento.\u00a0\u00a0<\/p>\n\n<p>Neste contexto, dos dados entregues pelo Blue Keepers e do ecossistema do Movimento Conex\u00e3o Circular, surge o ReInova, um projeto de REdesign e Inova\u00e7\u00e3o, para engajar ativamente as empresas para trabalhar itens selecionados, visando solu\u00e7\u00f5es estrat\u00e9gicas no processo de design, produ\u00e7\u00e3o, distribui\u00e7\u00e3o e comportamento de descarte no p\u00f3s-consumo.\u00a0<\/p>\n\n<p><strong>COMO VOC\u00ca PODE SE ENGAJAR<\/strong>\u00a0<\/p>\n\n<p>Ao participar do Reinova, a empresa participar\u00e1 de uma jornada de:\u00a0<\/p>\n\n<ul class=\"wp-block-list\">\n<li>Imers\u00e3o: imers\u00e3o em materiais internos para compreens\u00e3o inicial do desafio;\u00a0<\/li>\n<\/ul>\n\n<ul class=\"wp-block-list\">\n<li>Workshop: recap do Invent\u00e1rio Nacional de Res\u00edduos e suas territorialidades e explora\u00e7\u00e3o de din\u00e2micas nos eixos como log\u00edstica reversa, comportamento, entre outros, que auxiliem em direcionamentos para as fases seguintes.\u00a0<\/li>\n<\/ul>\n\n<ul class=\"wp-block-list\">\n<li>Prototipa\u00e7\u00e3o: realiza\u00e7\u00e3o da prototipa\u00e7\u00e3o de uma solu\u00e7\u00e3o, considerando inova\u00e7\u00e3o, design centrado ao usu\u00e1rio e industrial design, bem como mentoria mensal por especialistas e dois workshops intermedi\u00e1rios com o objetivo de proporcionar a colabora\u00e7\u00e3o entre as empresas e apresenta\u00e7\u00e3o dos avan\u00e7os em seus desafios de prototipa\u00e7\u00e3o.\u00a0<\/li>\n<\/ul>\n\n<p><strong>VOC\u00ca AINDA TER\u00c1 ACESSO A:<\/strong>\u00a0<\/p>\n\n<ul class=\"wp-block-list\">\n<li>S\u00edntese do trabalho desenvolvido, como um reposit\u00f3rio de conhecimento, catalogando as solu\u00e7\u00f5es inovadoras propostas para f\u00e1cil acesso e refer\u00eancia pelas empresas colaboradoras;\u00a0<\/li>\n<\/ul>\n\n<ul class=\"wp-block-list\">\n<li>Depoimentos no videodoc.\u00a0<\/li>\n<\/ul>\n\n<p><strong>PR\u00c9-REQUISITOS PARA PARTICIPAR:<\/strong>\u00a0<\/p>\n\n<p>Sua empresa precisa fazer parte do Pacto Global \u2013 Rede Brasil. Ap\u00f3s a ades\u00e3o, demonstrar interesse em patrocinar o projeto.\u00a0<\/p>\n<p>\u00a0<\/p>\n\t\t\t\t\t\t\t\t<\/div>\n\t\t\t\t<\/div>\n\t\t\t\t\t<\/div>\n\t\t\t\t<\/div>\n\t\t\t\t<\/div>\n\t\t","protected":false},"excerpt":{"rendered":"<p>\u00a0 Trabalhar itens selecionados do Invent\u00e1rio Nacional de Res\u00edduos visando solu\u00e7\u00f5es estrat\u00e9gicas no processo de design, produ\u00e7\u00e3o, distribui\u00e7\u00e3o e comportamento de descarte no p\u00f3s-consumo.\u00a0 QUAL O OBJETIVO?\u00a0 Seu objetivo \u00e9 engajar ativamente as empresas para trabalhar itens selecionados visando solu\u00e7\u00f5es estrat\u00e9gicas no processo de design, produ\u00e7\u00e3o, distribui\u00e7\u00e3o e comportamento de descarte no p\u00f3s-consumo.\u00a0 COMO ATINGIR?\u00a0&hellip; <a class=\"more-link\" href=\"https:\/\/cop30.pactoglobal.org.br\/index.php\/reinova\/\">Continue Reading <span class=\"screen-reader-text\">REINOVA\u00a0<\/span><\/a><\/p>\n","protected":false},"author":2,"featured_media":0,"parent":0,"menu_order":0,"comment_status":"closed","ping_status":"closed","template":"elementor_header_footer","meta":{"footnotes":""},"class_list":["post-1480","page","type-page","status-publish","hentry","entry","mb-50"],"_links":{"self":[{"href":"https:\/\/cop30.pactoglobal.org.br\/index.php\/wp-json\/wp\/v2\/pages\/1480","targetHints":{"allow":["GET"]}}],"collection":[{"href":"https:\/\/cop30.pactoglobal.org.br\/index.php\/wp-json\/wp\/v2\/pages"}],"about":[{"href":"https:\/\/cop30.pactoglobal.org.br\/index.php\/wp-json\/wp\/v2\/types\/page"}],"author":[{"embeddable":true,"href":"https:\/\/cop30.pactoglobal.org.br\/index.php\/wp-json\/wp\/v2\/users\/2"}],"replies":[{"embeddable":true,"href":"https:\/\/cop30.pactoglobal.org.br\/index.php\/wp-json\/wp\/v2\/comments?post=1480"}],"version-history":[{"count":3,"href":"https:\/\/cop30.pactoglobal.org.br\/index.php\/wp-json\/wp\/v2\/pages\/1480\/revisions"}],"predecessor-version":[{"id":1876,"href":"https:\/\/cop30.pactoglobal.org.br\/index.php\/wp-json\/wp\/v2\/pages\/1480\/revisions\/1876"}],"wp:attachment":[{"href":"https:\/\/cop30.pactoglobal.org.br\/index.php\/wp-json\/wp\/v2\/media?parent=1480"}],"curies":[{"name":"wp","href":"https:\/\/api.w.org\/{rel}","templated":true}]}}