{"id":1478,"date":"2025-03-28T11:56:53","date_gmt":"2025-03-28T11:56:53","guid":{"rendered":"https:\/\/homologcop30.pactoglobal.org.br\/?page_id=1478"},"modified":"2025-09-18T18:30:19","modified_gmt":"2025-09-18T18:30:19","slug":"nucleo-de-acoes-coletivas-em-defesa-da-justica-climatica-e-transicao-justa","status":"publish","type":"page","link":"https:\/\/cop30.pactoglobal.org.br\/index.php\/nucleo-de-acoes-coletivas-em-defesa-da-justica-climatica-e-transicao-justa\/","title":{"rendered":"N\u00facleo de A\u00e7\u00f5es Coletivas em Defesa da Justi\u00e7a Clim\u00e1tica e Transi\u00e7\u00e3o Justa\u00a0"},"content":{"rendered":"\t\t<div data-elementor-type=\"wp-page\" data-elementor-id=\"1478\" class=\"elementor elementor-1478\">\n\t\t\t\t<div class=\"elementor-element elementor-element-b6771a8 e-con-full e-flex e-con e-parent\" data-id=\"b6771a8\" data-element_type=\"container\" data-settings=\"{&quot;background_background&quot;:&quot;classic&quot;}\">\n\t\t\t\t<\/div>\n\t\t<div class=\"elementor-element elementor-element-794432e8 e-flex e-con-boxed e-con e-parent\" data-id=\"794432e8\" data-element_type=\"container\">\n\t\t\t\t\t<div class=\"e-con-inner\">\n\t\t\t\t<div class=\"elementor-element elementor-element-4eee1a87 elementor-widget elementor-widget-text-editor\" data-id=\"4eee1a87\" data-element_type=\"widget\" data-widget_type=\"text-editor.default\">\n\t\t\t\t<div class=\"elementor-widget-container\">\n\t\t\t\t\t\t\t\t\t\n<p>\u00a0<\/p>\n<p><strong>Implementar a\u00e7\u00f5es coletivas com o setor empresarial em prol da Justi\u00e7a Clim\u00e1tica e Transi\u00e7\u00e3o Justa, considerando as responsabilidades das empresas frente a rela\u00e7\u00e3o das pautas de mudan\u00e7a do clima e direitos humanos, trazendo as pessoas mais vulnerabilizadas pela crise clim\u00e1tica para o centro.<\/strong>\u00a0<\/p>\n\n<p><strong>QUAL O OBJETIVO?<\/strong>\u00a0<\/p>\n\n<p>Mobilizar os setores no Brasil, compostos por empresas e entidades cujas atividades econ\u00f4micas ou sociais est\u00e3o diretamente ligadas a essas \u00e1reas, que prioriza a resili\u00eancia aos eventos extremos dos efeitos da mudan\u00e7a do clima, incluindo o fomento \u00e0 transi\u00e7\u00e3o dos modelos de neg\u00f3cio de forma justa. Este esfor\u00e7o visa gerar e reformular novas oportunidades de neg\u00f3cios de forma equitativa ao longo de toda a cadeia de valor, al\u00e9m de promover o respeito aos direitos humanos.\u00a0<\/p>\n\n<p><strong>COMO ATINGIR?<\/strong>\u00a0<\/p>\n\n<p>\u00c9 proposta a utiliza\u00e7\u00e3o da metodologia do Banco Mundial de \u201ca\u00e7\u00e3o coletiva\u201d, a qual \u00e9 um processo colaborativo e sustentado de coopera\u00e7\u00e3o entre as partes interessadas, para aumentar o impacto e a credibilidade da a\u00e7\u00e3o individual, trazendo participantes que s\u00e3o vulner\u00e1veis individualmente para uma alian\u00e7a de organiza\u00e7\u00f5es com ideias semelhantes e nivela o campo de jogo entre os concorrentes.\u00a0\u00a0<\/p>\n\n<p><strong>CONTEXTO<\/strong>\u00a0<\/p>\n\n<p>No contexto do avan\u00e7o acelerado das mudan\u00e7as do clima, com consequ\u00eancias j\u00e1 vis\u00edveis como ondas de calor extremas, aumento do n\u00edvel do mar, furac\u00f5es, enchentes e deslizamentos, grupos vulnerabilizados s\u00e3o os mais expostos \u00e0s consequ\u00eancias dessas mudan\u00e7as, como os povos ind\u00edgenas e popula\u00e7\u00f5es tradicionais como ribeirinhos, quilombolas, cai\u00e7aras, sertanejos, moradores de aglomerados subnormais, entre outros, que historicamente contribuem menos para o efeito estufa, mas sofrem mais diretamente com as suas consequ\u00eancias.\u00a0<\/p>\n\n<p>\u00c9 nesse cen\u00e1rio que o setor empresarial tem um papel fundamental a desempenhar na luta contra os efeitos das mudan\u00e7as do clima, e pode aproveitar sua posi\u00e7\u00e3o de influ\u00eancia para catalisar a\u00e7\u00f5es concretas de Justi\u00e7a Clim\u00e1tica e Transi\u00e7\u00e3o Justa, trazendo do discurso \u00e0 pr\u00e1tica e colocando as pessoas em vulnerabilidade no centro de suas a\u00e7\u00f5es e estrat\u00e9gias.\u00a0<\/p>\n\n<p><strong>P\u00daBLICO-ALVO<\/strong>\u00a0<\/p>\n\n<p>Em 2025 e 2026, trabalharemos principalmente com os setores brasileiros de Energia, Constru\u00e7\u00e3o Civil, Moda e T\u00eaxtil, Sa\u00fade e Agricultura, Florestas e Uso do Solo (AFOLU), com a possibilidade de participa\u00e7\u00e3o de representantes de outros setores.\u00a0<\/p>\n\n<p><strong>COMO VOC\u00ca PODE SE ENGAJAR?<\/strong>\u00a0<\/p>\n\n<ul class=\"wp-block-list\">\n<li>N\u00facleo de A\u00e7\u00f5es Coletivas, que visa fomentar a coopera\u00e7\u00e3o, o compartilhamento de experi\u00eancias e o acolhimento de iniciativas, permitindo que as empresas, como protagonistas essenciais nas a\u00e7\u00f5es coletivas, mobilizem seus setores para implementar solu\u00e7\u00f5es sustent\u00e1veis que contribuam para uma transi\u00e7\u00e3o mais justa e equilibrada para todos, aumentando o impacto e a credibilidade da a\u00e7\u00e3o individual;\u00a0<\/li>\n<\/ul>\n\n<ul class=\"wp-block-list\">\n<li>Aula Magna sobre Justi\u00e7a Clim\u00e1tica e Transi\u00e7\u00e3o Justa e a responsabilidade empresarial, com o objetivo de proporcionar uma vis\u00e3o abrangente sobre a import\u00e2ncia desses temas para as empresas;\u00a0<\/li>\n<\/ul>\n\n<ul class=\"wp-block-list\">\n<li>Workshops de aprofundamento, para discutir solu\u00e7\u00f5es pr\u00e1ticas e integrar a justi\u00e7a clim\u00e1tica e transi\u00e7\u00e3o justa nas estrat\u00e9gias empresariais de cada setor.\u00a0<\/li>\n<\/ul>\n\n<p><strong>VOC\u00ca AINDA TER\u00c1 ACESSO A:<\/strong>\u00a0<\/p>\n\n<ul class=\"wp-block-list\">\n<li>Roda de conversa na COP30, reunindo empresas, especialistas e stakeholders para debater as responsabilidades empresariais na constru\u00e7\u00e3o de um futuro mais justo e sustent\u00e1vel, promovendo a troca de experi\u00eancias e a cria\u00e7\u00e3o de alian\u00e7as estrat\u00e9gicas;\u00a0<\/li>\n<\/ul>\n\n<ul class=\"wp-block-list\">\n<li>Cadernos setoriais de Justi\u00e7a Clim\u00e1tica e Transi\u00e7\u00e3o Justa;\u00a0<\/li>\n<\/ul>\n\n<p><strong>PR\u00c9-REQUISITOS PARA PARTICIPAR:<\/strong>\u00a0<\/p>\n\n<p>Sua empresa precisa fazer parte do Pacto Global \u2013 Rede Brasil. Ap\u00f3s ades\u00e3o, \u00e9 necess\u00e1rio fazer parte das Plataformas de A\u00e7\u00e3o pelo Clima e\/ou de A\u00e7\u00e3o pelos Direitos Humanos e indicar at\u00e9 02 representantes.\u00a0<br \/><br \/>Acesse aos Cadernos Tem\u00e1ticos Empresariais de Justi\u00e7a Clim\u00e1tica produzidos na 1\u00aa fase do projeto (2023-2024):\u00a0<\/p>\n\n<p><a href=\"https:\/\/go.pactoglobal.org.br\/InteresseCadernoJusticaClimaticaSetorModaTextil\" target=\"_blank\" rel=\"noreferrer noopener\">Moda&amp; T\u00eaxtil<\/a>\u00a0<\/p>\n\n<p><a href=\"https:\/\/go.pactoglobal.org.br\/InteresseCadernoJusticaClimaticaSetorSaude\" target=\"_blank\" rel=\"noreferrer noopener\">Sa\u00fade<\/a>\u00a0<\/p>\n\n<p><a href=\"https:\/\/go.pactoglobal.org.br\/clima-energia-justicaclimatica\" target=\"_blank\" rel=\"noreferrer noopener\">Energia<\/a>\u00a0<\/p>\n\n<p><a href=\"https:\/\/go.pactoglobal.org.br\/clima-construcaocivil-justicaclimatica\" target=\"_blank\" rel=\"noreferrer noopener\">Constru\u00e7\u00e3o Civil<\/a>\u00a0<\/p>\n\t\t\t\t\t\t\t\t<\/div>\n\t\t\t\t<\/div>\n\t\t\t\t\t<\/div>\n\t\t\t\t<\/div>\n\t\t\t\t<\/div>\n\t\t","protected":false},"excerpt":{"rendered":"<p>\u00a0 Implementar a\u00e7\u00f5es coletivas com o setor empresarial em prol da Justi\u00e7a Clim\u00e1tica e Transi\u00e7\u00e3o Justa, considerando as responsabilidades das empresas frente a rela\u00e7\u00e3o das pautas de mudan\u00e7a do clima e direitos humanos, trazendo as pessoas mais vulnerabilizadas pela crise clim\u00e1tica para o centro.\u00a0 QUAL O OBJETIVO?\u00a0 Mobilizar os setores no Brasil, compostos por empresas&hellip; <a class=\"more-link\" href=\"https:\/\/cop30.pactoglobal.org.br\/index.php\/nucleo-de-acoes-coletivas-em-defesa-da-justica-climatica-e-transicao-justa\/\">Continue Reading <span class=\"screen-reader-text\">N\u00facleo de A\u00e7\u00f5es Coletivas em Defesa da Justi\u00e7a Clim\u00e1tica e Transi\u00e7\u00e3o Justa\u00a0<\/span><\/a><\/p>\n","protected":false},"author":2,"featured_media":0,"parent":0,"menu_order":0,"comment_status":"closed","ping_status":"closed","template":"elementor_header_footer","meta":{"footnotes":""},"class_list":["post-1478","page","type-page","status-publish","hentry","entry","mb-50"],"_links":{"self":[{"href":"https:\/\/cop30.pactoglobal.org.br\/index.php\/wp-json\/wp\/v2\/pages\/1478","targetHints":{"allow":["GET"]}}],"collection":[{"href":"https:\/\/cop30.pactoglobal.org.br\/index.php\/wp-json\/wp\/v2\/pages"}],"about":[{"href":"https:\/\/cop30.pactoglobal.org.br\/index.php\/wp-json\/wp\/v2\/types\/page"}],"author":[{"embeddable":true,"href":"https:\/\/cop30.pactoglobal.org.br\/index.php\/wp-json\/wp\/v2\/users\/2"}],"replies":[{"embeddable":true,"href":"https:\/\/cop30.pactoglobal.org.br\/index.php\/wp-json\/wp\/v2\/comments?post=1478"}],"version-history":[{"count":3,"href":"https:\/\/cop30.pactoglobal.org.br\/index.php\/wp-json\/wp\/v2\/pages\/1478\/revisions"}],"predecessor-version":[{"id":1806,"href":"https:\/\/cop30.pactoglobal.org.br\/index.php\/wp-json\/wp\/v2\/pages\/1478\/revisions\/1806"}],"wp:attachment":[{"href":"https:\/\/cop30.pactoglobal.org.br\/index.php\/wp-json\/wp\/v2\/media?parent=1478"}],"curies":[{"name":"wp","href":"https:\/\/api.w.org\/{rel}","templated":true}]}}