{"id":1476,"date":"2025-03-28T11:55:47","date_gmt":"2025-03-28T11:55:47","guid":{"rendered":"https:\/\/homologcop30.pactoglobal.org.br\/?page_id=1476"},"modified":"2025-09-18T18:36:48","modified_gmt":"2025-09-18T18:36:48","slug":"missao-cop-30","status":"publish","type":"page","link":"https:\/\/cop30.pactoglobal.org.br\/index.php\/missao-cop-30\/","title":{"rendered":"Miss\u00e3o COP 30"},"content":{"rendered":"\t\t<div data-elementor-type=\"wp-page\" data-elementor-id=\"1476\" class=\"elementor elementor-1476\">\n\t\t\t\t<div class=\"elementor-element elementor-element-30aa1bc e-con-full e-flex e-con e-parent\" data-id=\"30aa1bc\" data-element_type=\"container\" data-settings=\"{&quot;background_background&quot;:&quot;classic&quot;}\">\n\t\t\t\t<\/div>\n\t\t<div class=\"elementor-element elementor-element-515c12b7 e-flex e-con-boxed e-con e-parent\" data-id=\"515c12b7\" data-element_type=\"container\">\n\t\t\t\t\t<div class=\"e-con-inner\">\n\t\t\t\t<div class=\"elementor-element elementor-element-3eddbd61 elementor-widget elementor-widget-text-editor\" data-id=\"3eddbd61\" data-element_type=\"widget\" data-widget_type=\"text-editor.default\">\n\t\t\t\t<div class=\"elementor-widget-container\">\n\t\t\t\t\t\t\t\t\t\n<p>\u00a0<\/p>\n<p><strong>O Miss\u00e3o COP 30 \u00e9 um curso preparat\u00f3rio voltado para comunicadores, ministrado por especialistas em temas como sustentabilidade, responsabilidade social corporativa e ESG.\u00a0<\/strong><\/p>\n\n<p><strong>QUAL O OBJETIVO?<\/strong>\u00a0<\/p>\n\n<p>Oferecer subs\u00eddios para que as empresas se comuniquem melhor, se engajem de forma estruturada e componham seus planejamentos de comunica\u00e7\u00e3o e participa\u00e7\u00e3o na COP 30.\u00a0<\/p>\n\n<p><strong>COMO ATINGIR?<\/strong>\u00a0<\/p>\n\n<p>O programa foi desenvolvido ao longo de tr\u00eas semanas, para uma turma de 40 profissionais de comunica\u00e7\u00e3o de empresas das mais diversas \u00e1reas. A partir das aulas realizadas em agosto de 2024, foi criado um e-book, em que foram concentrados os principais assuntos abordados sobre a compreens\u00e3o da gravidade da crise clim\u00e1tica e da import\u00e2ncia das COPs e o papel fundamental do setor privado para promover as mudan\u00e7as urgentes que o planeta exige.\u00a0<\/p>\n\n<p><strong>P\u00daBLICO-ALVO\u00a0<\/strong>\u00a0\u00a0<\/p>\n\n<p>Profissionais da \u00e1rea de comunica\u00e7\u00e3o.\u00a0<\/p>\n\n<p><strong>COMO VOC\u00ca PODE SE ENGAJAR?<\/strong>\u00a0<\/p>\n\n<p>Acessando ao E-book.\u00a0<\/p>\n\n<p>Acesse o conte\u00fado do E-book Miss\u00e3o COP30:\u00a0<\/p>\n\n<div class=\"wp-block-buttons is-layout-flex wp-block-buttons-is-layout-flex\">\n<div class=\"wp-block-button\"><a class=\"wp-block-button__link wp-element-button\" href=\"https:\/\/go.pactoglobal.org.br\/ebookmissaocop30\">Acessar<\/a><\/div>\n<\/div>\n\n<p>\u00a0<\/p>\n\t\t\t\t\t\t\t\t<\/div>\n\t\t\t\t<\/div>\n\t\t\t\t\t<\/div>\n\t\t\t\t<\/div>\n\t\t\t\t<\/div>\n\t\t","protected":false},"excerpt":{"rendered":"<p>\u00a0 O Miss\u00e3o COP 30 \u00e9 um curso preparat\u00f3rio voltado para comunicadores, ministrado por especialistas em temas como sustentabilidade, responsabilidade social corporativa e ESG.\u00a0 QUAL O OBJETIVO?\u00a0 Oferecer subs\u00eddios para que as empresas se comuniquem melhor, se engajem de forma estruturada e componham seus planejamentos de comunica\u00e7\u00e3o e participa\u00e7\u00e3o na COP 30.\u00a0 COMO ATINGIR?\u00a0 O&hellip; <a class=\"more-link\" href=\"https:\/\/cop30.pactoglobal.org.br\/index.php\/missao-cop-30\/\">Continue Reading <span class=\"screen-reader-text\">Miss\u00e3o COP 30<\/span><\/a><\/p>\n","protected":false},"author":2,"featured_media":0,"parent":0,"menu_order":0,"comment_status":"closed","ping_status":"closed","template":"elementor_header_footer","meta":{"footnotes":""},"class_list":["post-1476","page","type-page","status-publish","hentry","entry","mb-50"],"_links":{"self":[{"href":"https:\/\/cop30.pactoglobal.org.br\/index.php\/wp-json\/wp\/v2\/pages\/1476","targetHints":{"allow":["GET"]}}],"collection":[{"href":"https:\/\/cop30.pactoglobal.org.br\/index.php\/wp-json\/wp\/v2\/pages"}],"about":[{"href":"https:\/\/cop30.pactoglobal.org.br\/index.php\/wp-json\/wp\/v2\/types\/page"}],"author":[{"embeddable":true,"href":"https:\/\/cop30.pactoglobal.org.br\/index.php\/wp-json\/wp\/v2\/users\/2"}],"replies":[{"embeddable":true,"href":"https:\/\/cop30.pactoglobal.org.br\/index.php\/wp-json\/wp\/v2\/comments?post=1476"}],"version-history":[{"count":3,"href":"https:\/\/cop30.pactoglobal.org.br\/index.php\/wp-json\/wp\/v2\/pages\/1476\/revisions"}],"predecessor-version":[{"id":1814,"href":"https:\/\/cop30.pactoglobal.org.br\/index.php\/wp-json\/wp\/v2\/pages\/1476\/revisions\/1814"}],"wp:attachment":[{"href":"https:\/\/cop30.pactoglobal.org.br\/index.php\/wp-json\/wp\/v2\/media?parent=1476"}],"curies":[{"name":"wp","href":"https:\/\/api.w.org\/{rel}","templated":true}]}}