{"id":1474,"date":"2025-03-28T11:40:09","date_gmt":"2025-03-28T11:40:09","guid":{"rendered":"https:\/\/homologcop30.pactoglobal.org.br\/?page_id=1474"},"modified":"2025-09-18T18:34:44","modified_gmt":"2025-09-18T18:34:44","slug":"hub-de-biocombustiveis-e-eletricos","status":"publish","type":"page","link":"https:\/\/cop30.pactoglobal.org.br\/index.php\/hub-de-biocombustiveis-e-eletricos\/","title":{"rendered":"HUB de Biocombust\u00edveis e El\u00e9tricos"},"content":{"rendered":"\t\t<div data-elementor-type=\"wp-page\" data-elementor-id=\"1474\" class=\"elementor elementor-1474\">\n\t\t\t\t<div class=\"elementor-element elementor-element-6a2bfae e-con-full e-flex e-con e-parent\" data-id=\"6a2bfae\" data-element_type=\"container\" data-settings=\"{&quot;background_background&quot;:&quot;classic&quot;}\">\n\t\t\t\t<\/div>\n\t\t<div class=\"elementor-element elementor-element-5d4b8314 e-flex e-con-boxed e-con e-parent\" data-id=\"5d4b8314\" data-element_type=\"container\">\n\t\t\t\t\t<div class=\"e-con-inner\">\n\t\t\t\t<div class=\"elementor-element elementor-element-615021de elementor-widget elementor-widget-text-editor\" data-id=\"615021de\" data-element_type=\"widget\" data-widget_type=\"text-editor.default\">\n\t\t\t\t<div class=\"elementor-widget-container\">\n\t\t\t\t\t\t\t\t\t\n<p>\u00a0<\/p>\n<p><strong>Ambiente para di\u00e1logos visando solu\u00e7\u00f5es que acelerem a descarboniza\u00e7\u00e3o do transporte rodovi\u00e1rio, com a\u00e7\u00f5es coletivas, capacita\u00e7\u00f5es, publica\u00e7\u00f5es e engajamento da cadeia de valor.\u00a0<\/strong><\/p>\n\n<p><strong>QUAL (IS) O (S) OBJETIVO (S)?<\/strong>\u00a0<\/p>\n\n<p>O objetivo principal \u00e9 <strong>acelerar a descarboniza\u00e7\u00e3o do setor de transporte rodovi\u00e1rio.<\/strong>\u00a0<\/p>\n\n<p><strong>COMO ATINGIR?<\/strong>\u00a0<\/p>\n\n<p>O HUB Biocombust\u00edveis e El\u00e9tricos institucionaliza um ambiente prop\u00edcio ao di\u00e1logo e discuss\u00f5es para identificar desafios, oportunidades e solu\u00e7\u00f5es para a quest\u00e3o da emiss\u00e3o de carbono no setor de transporte comercial rodovi\u00e1rio, a partir de escutas com especialistas do setor empresarial, pesquisadores, autoridades governamentais e demais partes interessadas como forma de identifica\u00e7\u00e3o de desafios.\u00a0\u00a0<\/p>\n\n<p><strong>CONTEXTO<\/strong>\u00a0<\/p>\n\n<p>A transi\u00e7\u00e3o para um transporte net zero requer um ritmo sem precedentes de amplia\u00e7\u00e3o do uso de solu\u00e7\u00f5es de baixo carbono j\u00e1 existentes e ado\u00e7\u00e3o de novas tecnologias mais eficientes e limpas.\u00a0 Isso demandar\u00e1 mudan\u00e7as dr\u00e1sticas em todos os setores, al\u00e9m de desenvolvimento de infraestrutura e modelos de neg\u00f3cios completamente novos.\u00a0\u00a0\u00a0\u00a0<\/p>\n\n<p>Para alcan\u00e7armos o Grande Salto no setor de transporte rodovi\u00e1rio que leva ao Net Zero em 2050, o setor p\u00fablico e privado precisam trabalhar juntos para promover combust\u00edveis alternativos, acelerando o desenvolvimento tecnol\u00f3gico e os investimentos em energia de baixo carbono, juntamente com a necessidade de utilizar as diferentes tecnologias energ\u00e9ticas, al\u00e9m da regulamenta\u00e7\u00e3o com pol\u00edticas p\u00fablicas que incentivem as iniciativas verdes.\u00a0<\/p>\n\n<p>Muitos pa\u00edses est\u00e3o oferecendo maior clareza \u00e0s empresas em sua inten\u00e7\u00e3o de acelerar a penetra\u00e7\u00e3o no mercado de ve\u00edculos mais limpos e mais econ\u00f4micos. Para acelerar este processo, as pr\u00f3prias empresas est\u00e3o definindo metas ousadas de efici\u00eancia e aquisi\u00e7\u00e3o de frota, o que torna o HUB um projeto centralizador no Brasil para as empresas engajadas na pauta.\u00a0<\/p>\n\n<p>Atrav\u00e9s do HUB de Biocombust\u00edveis e El\u00e9tricos, ser\u00e1 poss\u00edvel n\u00e3o apenas identificar, mas tamb\u00e9m abordar de maneira estrat\u00e9gica os desafios e oportunidades enfrentados pela agenda empresarial, alinhados com as metas da Agenda 2030 estabelecidas pela Organiza\u00e7\u00e3o das Na\u00e7\u00f5es Unidas (ONU). Com um foco espec\u00edfico nos Objetivos de Desenvolvimento Sustent\u00e1vel (ODS) 7 (Energia Limpa e Acess\u00edvel), 9 (Ind\u00fastria, Inova\u00e7\u00e3o e Infraestruturas) e 13 (A\u00e7\u00e3o contra a Mudan\u00e7a Global do Clima), bem como o ODS 17 (Parcerias e Meios de Implementa\u00e7\u00e3o), o HUB servir\u00e1 como um catalisador para o engajamento do setor privado no alcance desses objetivos.\u00a0\u00a0\u00a0<\/p>\n\n<p>Saiba mais na publica\u00e7\u00e3o &#8220;Transporte Comercial Net Zero 2050: Caminhos para a descarboniza\u00e7\u00e3o do modal rodovi\u00e1rio no Brasil&#8221;, em <a href=\"https:\/\/go.pactoglobal.org.br\/TransporteComercercialnetzero2050pt\" target=\"_blank\" rel=\"noreferrer noopener\">portugu\u00eas<\/a> e <a href=\"https:\/\/go.pactoglobal.org.br\/CommercialTransportNetZero2050en\" target=\"_blank\" rel=\"noreferrer noopener\">ingl\u00eas<\/a>, resultado da primeira fase do projeto (2021-2022).\u00a0<\/p>\n\n<p><strong>P\u00daBLICO-ALVO<\/strong>\u00a0<\/p>\n\n<ul class=\"wp-block-list\">\n<li>Setor empresarial\u00a0<\/li>\n<\/ul>\n\n<ul class=\"wp-block-list\">\n<li>Especialistas\u00a0<\/li>\n<\/ul>\n\n<ul class=\"wp-block-list\">\n<li>Pesquisadores\u00a0<\/li>\n<\/ul>\n\n<ul class=\"wp-block-list\">\n<li>Governo\u00a0<\/li>\n<\/ul>\n\n<ul class=\"wp-block-list\">\n<li>Demais partes interessadas (como associa\u00e7\u00f5es atreladas ao setor e tem\u00e1tica)\u00a0<\/li>\n<\/ul>\n\n<p><strong>COMO VOC\u00ca PODE SE ENGAJAR?\u00a0<\/strong>\u00a0<\/p>\n\n<p><strong>N\u00facleo de A\u00e7\u00f5es Coletivas<\/strong>\u00a0<\/p>\n\n<p>Encontros mensais para desenvolvimento de projetos coletivos entre multisetores voltados para a descarboniza\u00e7\u00e3o do setor de transporte comercial rodovi\u00e1rio.\u00a0\u00a0\u00a0<\/p>\n\n<p><strong>Cl\u00ednicas<\/strong>\u00a0<\/p>\n\n<p>Explorando tecnicamente as alternativas que j\u00e1 existem no mercado, em 5 sess\u00f5es de imers\u00e3o profunda. Tenha acesso a informa\u00e7\u00f5es sobre produ\u00e7\u00e3o, infraestrutura e investimento nas tecnologias para descarboniza\u00e7\u00e3o, al\u00e9m de cases com participa\u00e7\u00e3o de especialistas renomados.\u00a0\u00a0<\/p>\n\n<p>Neste grupo, o foco s\u00e3o equipes de sustentabilidade, compras e log\u00edstica, preparando-as para tomar decis\u00f5es estrat\u00e9gicas em sua transi\u00e7\u00e3o para tecnologias de baixo carbono.\u00a0\u00a0\u00a0<\/p>\n\n<p><strong>Engajamento da Cadeia de Valor<\/strong>\u00a0<\/p>\n\n<p>N\u00e3o sabe como engajar sua cadeia de valor na jornada rumo \u00e0 descarboniza\u00e7\u00e3o? Sendo parte do HUB e comprometida com o Movimento Ambi\u00e7\u00e3o Net Zero, sua cadeia de valor poder\u00e1 ser parte de um evento estrat\u00e9gico que promoveremos em 2025, que reunir\u00e1 mais de 300 fornecedores que atuam no setor.\u00a0\u00a0<\/p>\n\n<p>Engaje seus fornecedores estrat\u00e9gicos para uma jornada de capacita\u00e7\u00e3o, que preparar\u00e1 essas empresas para implementar solu\u00e7\u00f5es de redu\u00e7\u00e3o de Gases de Efeito Estufa (GEE) como forma de alinhar suas opera\u00e7\u00f5es \u00e0s metas de sustentabilidade.\u00a0\u00a0\u00a0<\/p>\n\n<p><strong>VOC\u00ca AINDA TER\u00c1 ACESSO A<\/strong>:<\/p>\n\n<ul class=\"wp-block-list\">\n<li>Capacita\u00e7\u00e3o ao longo do ano sobre as principais tecnologias de descarboniza\u00e7\u00e3o do setor rodovi\u00e1rio: Biometano, Eletrifica\u00e7\u00e3o, Hidrog\u00eanio Verde, Diesel Renov\u00e1vel, Financiamento e Plano de Transforma\u00e7\u00e3o Ecol\u00f3gica;\u00a0<\/li>\n<\/ul>\n\n<ul class=\"wp-block-list\">\n<li>Capacita\u00e7\u00e3o para engajar sua cadeira de fornecimento na jornada de descarboniza\u00e7\u00e3o;\u00a0<\/li>\n<\/ul>\n\n<ul class=\"wp-block-list\">\n<li>Encontros com empresas parte e que se utilizam do ecossistema de transportes, em que voc\u00ea ter\u00e1 a oportunidade de gerar projetos de impacto coletivo e colaborativo para descarboniza\u00e7\u00e3o da frota.\u00a0<\/li>\n<\/ul>\n\n<p><strong>PR\u00c9-REQUISITOS PARA PARTICIPAR<\/strong>\u00a0<\/p>\n\n<p>Sua empresa precisa ser participante do Pacto Global \u2013 Rede Brasil. Ap\u00f3s ades\u00e3o, \u00e9 necess\u00e1rio fazer parte da Plataforma de A\u00e7\u00e3o pelo Clima e\/ou Agricultura e Florestas e indicar at\u00e9 02 representantes da \u00e1rea de sustentabilidade e \/ou log\u00edstica.\u00a0<\/p>\n\t\t\t\t\t\t\t\t<\/div>\n\t\t\t\t<\/div>\n\t\t\t\t\t<\/div>\n\t\t\t\t<\/div>\n\t\t\t\t<\/div>\n\t\t","protected":false},"excerpt":{"rendered":"<p>\u00a0 Ambiente para di\u00e1logos visando solu\u00e7\u00f5es que acelerem a descarboniza\u00e7\u00e3o do transporte rodovi\u00e1rio, com a\u00e7\u00f5es coletivas, capacita\u00e7\u00f5es, publica\u00e7\u00f5es e engajamento da cadeia de valor.\u00a0 QUAL (IS) O (S) OBJETIVO (S)?\u00a0 O objetivo principal \u00e9 acelerar a descarboniza\u00e7\u00e3o do setor de transporte rodovi\u00e1rio.\u00a0 COMO ATINGIR?\u00a0 O HUB Biocombust\u00edveis e El\u00e9tricos institucionaliza um ambiente prop\u00edcio ao di\u00e1logo&hellip; <a class=\"more-link\" href=\"https:\/\/cop30.pactoglobal.org.br\/index.php\/hub-de-biocombustiveis-e-eletricos\/\">Continue Reading <span class=\"screen-reader-text\">HUB de Biocombust\u00edveis e El\u00e9tricos<\/span><\/a><\/p>\n","protected":false},"author":2,"featured_media":0,"parent":0,"menu_order":0,"comment_status":"closed","ping_status":"closed","template":"elementor_header_footer","meta":{"footnotes":""},"class_list":["post-1474","page","type-page","status-publish","hentry","entry","mb-50"],"_links":{"self":[{"href":"https:\/\/cop30.pactoglobal.org.br\/index.php\/wp-json\/wp\/v2\/pages\/1474","targetHints":{"allow":["GET"]}}],"collection":[{"href":"https:\/\/cop30.pactoglobal.org.br\/index.php\/wp-json\/wp\/v2\/pages"}],"about":[{"href":"https:\/\/cop30.pactoglobal.org.br\/index.php\/wp-json\/wp\/v2\/types\/page"}],"author":[{"embeddable":true,"href":"https:\/\/cop30.pactoglobal.org.br\/index.php\/wp-json\/wp\/v2\/users\/2"}],"replies":[{"embeddable":true,"href":"https:\/\/cop30.pactoglobal.org.br\/index.php\/wp-json\/wp\/v2\/comments?post=1474"}],"version-history":[{"count":3,"href":"https:\/\/cop30.pactoglobal.org.br\/index.php\/wp-json\/wp\/v2\/pages\/1474\/revisions"}],"predecessor-version":[{"id":1810,"href":"https:\/\/cop30.pactoglobal.org.br\/index.php\/wp-json\/wp\/v2\/pages\/1474\/revisions\/1810"}],"wp:attachment":[{"href":"https:\/\/cop30.pactoglobal.org.br\/index.php\/wp-json\/wp\/v2\/media?parent=1474"}],"curies":[{"name":"wp","href":"https:\/\/api.w.org\/{rel}","templated":true}]}}