{"id":1470,"date":"2025-03-28T11:31:36","date_gmt":"2025-03-28T11:31:36","guid":{"rendered":"https:\/\/homologcop30.pactoglobal.org.br\/?page_id=1470"},"modified":"2025-03-28T11:31:36","modified_gmt":"2025-03-28T11:31:36","slug":"gt-empresarial-biodiversidade-clima","status":"publish","type":"page","link":"https:\/\/cop30.pactoglobal.org.br\/index.php\/gt-empresarial-biodiversidade-clima\/","title":{"rendered":"GT Empresarial Biodiversidade &amp; Clima"},"content":{"rendered":"\n<p><strong>O Grupo de Trabalho (GT) Empresarial Biodiversidade &amp; Clima \u00e9 um grupo colaborativo de adapta\u00e7\u00e3o clim\u00e1tica para integrar a biodiversidade nas estrat\u00e9gias empresariais brasileiras, por meio dos fundamentos do SBTN, CBD e IFRS.\u00a0<\/strong><\/p>\n\n\n\n<p><strong>QUAL (IS) O (S) OBJETIVO (S)?<\/strong>&nbsp;<\/p>\n\n\n\n<p>Construir capacidades empresariais no Nexus Clima e Biodiversidade, por meio de treinamentos em frameworks de mensura\u00e7\u00e3o de riscos e impactos \u00e0 natureza.&nbsp;<\/p>\n\n\n\n<p>Defender a conserva\u00e7\u00e3o dos biomas brasileiros e atuar para a mitiga\u00e7\u00e3o do desmatamento e prote\u00e7\u00e3o da rica biodiversidade nacional;&nbsp;<\/p>\n\n\n\n<p>Promover pr\u00e1ticas empresariais que conciliem desenvolvimento econ\u00f4mico e conserva\u00e7\u00e3o ambiental;&nbsp;<\/p>\n\n\n\n<p>Garantir o respeito aos direitos dos povos ind\u00edgenas e comunidades tradicionais;&nbsp;<\/p>\n\n\n\n<p>Mobilizar recursos financeiros adequados para a implementa\u00e7\u00e3o de medidas essenciais para a sustentabilidade.&nbsp;<\/p>\n\n\n\n<p><strong>COMO ATINGIR?<\/strong>&nbsp;<\/p>\n\n\n\n<p>Integrar a biodiversidade nas estrat\u00e9gias empresariais brasileiras, alinhadas \u00e0s metas da Science Based Targets Network (SBTN) e ao Kunming-Montreal Global Biodiversity Framework (GBF);&nbsp;<\/p>\n\n\n\n<p>Compreender as necessidades do setor privado em rela\u00e7\u00e3o a a\u00e7\u00f5es de impacto positivo \u00e0 biodiversidade &amp; clima por meio de frameworks de avalia\u00e7\u00e3o de risco;&nbsp;<\/p>\n\n\n\n<p>Construir capacidades sobre o SBTN \u2013 Science Based Targets Network para os guias setoriais de impacto \u00e0 natureza e \u00e0 \u00e1gua;&nbsp;<\/p>\n\n\n\n<p>Construir capacidades sobre o Global Biodiversity Framework (GBF) para as empresas;&nbsp;<\/p>\n\n\n\n<p>Alinhar metas 8 e 15 do Global Biodiversity Framework (GBF).&nbsp;<\/p>\n\n\n\n<p><strong>COMO VOC\u00ca PODE SE ENGAJAR?&nbsp;<\/strong>&nbsp;&nbsp;<\/p>\n\n\n\n<p><strong>Webinars tem\u00e1ticos<\/strong>&nbsp;<\/p>\n\n\n\n<p>Participe de encontros voltados para o avan\u00e7o da agenda de descarboniza\u00e7\u00e3o e engajamento da alta lideran\u00e7a na tem\u00e1tica de biodiversidade &amp; clima&nbsp;<\/p>\n\n\n\n<p><strong>Encontros t\u00e9cnicos<\/strong>&nbsp;<\/p>\n\n\n\n<p>Participe da constru\u00e7\u00e3o de conhecimento e ajude a desenvolver o piloto de estrat\u00e9gias empresariais para agir frente aos cinco enfoques do SBTs &#8211; \u00c1gua pot\u00e1vel, Uso do Solo, Oceanos, Clima e a 5a como Biodiversidade unificando todos as 4 dimens\u00f5es de natureza e elabore planos integrados de descarboniza\u00e7\u00e3o com base na iniciativa do Science Based Targets iniciative (SBTi) e de redu\u00e7\u00e3o de impacto \u00e0 natureza (SBTN);&nbsp;<\/p>\n\n\n\n<p><strong>PR\u00c9-REQUISITOS PARA PARTICIPAR<\/strong>&nbsp;<\/p>\n\n\n\n<p>Sua empresa precisa fazer parte do Pacto Global \u2013 Rede Brasil e ser participante de ao menos uma das Plataformas de A\u00e7\u00e3o de Meio Ambiente (Clima, \u00c1gua, Oceano, Res\u00edduos, Agricultura e Florestas).&nbsp;<\/p>\n","protected":false},"excerpt":{"rendered":"<p>O Grupo de Trabalho (GT) Empresarial Biodiversidade &amp; Clima \u00e9 um grupo colaborativo de adapta\u00e7\u00e3o clim\u00e1tica para integrar a biodiversidade nas estrat\u00e9gias empresariais brasileiras, por meio dos fundamentos do SBTN, CBD e IFRS.\u00a0 QUAL (IS) O (S) OBJETIVO (S)?&nbsp; Construir capacidades empresariais no Nexus Clima e Biodiversidade, por meio de treinamentos em frameworks de mensura\u00e7\u00e3o&hellip; <a class=\"more-link\" href=\"https:\/\/cop30.pactoglobal.org.br\/index.php\/gt-empresarial-biodiversidade-clima\/\">Continue Reading <span class=\"screen-reader-text\">GT Empresarial Biodiversidade &amp; Clima<\/span><\/a><\/p>\n","protected":false},"author":2,"featured_media":0,"parent":0,"menu_order":0,"comment_status":"closed","ping_status":"closed","template":"","meta":{"footnotes":""},"class_list":["post-1470","page","type-page","status-publish","hentry","entry","mb-50"],"_links":{"self":[{"href":"https:\/\/cop30.pactoglobal.org.br\/index.php\/wp-json\/wp\/v2\/pages\/1470","targetHints":{"allow":["GET"]}}],"collection":[{"href":"https:\/\/cop30.pactoglobal.org.br\/index.php\/wp-json\/wp\/v2\/pages"}],"about":[{"href":"https:\/\/cop30.pactoglobal.org.br\/index.php\/wp-json\/wp\/v2\/types\/page"}],"author":[{"embeddable":true,"href":"https:\/\/cop30.pactoglobal.org.br\/index.php\/wp-json\/wp\/v2\/users\/2"}],"replies":[{"embeddable":true,"href":"https:\/\/cop30.pactoglobal.org.br\/index.php\/wp-json\/wp\/v2\/comments?post=1470"}],"version-history":[{"count":0,"href":"https:\/\/cop30.pactoglobal.org.br\/index.php\/wp-json\/wp\/v2\/pages\/1470\/revisions"}],"wp:attachment":[{"href":"https:\/\/cop30.pactoglobal.org.br\/index.php\/wp-json\/wp\/v2\/media?parent=1470"}],"curies":[{"name":"wp","href":"https:\/\/api.w.org\/{rel}","templated":true}]}}