{"id":1465,"date":"2025-03-28T11:28:52","date_gmt":"2025-03-28T11:28:52","guid":{"rendered":"https:\/\/homologcop30.pactoglobal.org.br\/?page_id=1465"},"modified":"2025-09-18T18:57:34","modified_gmt":"2025-09-18T18:57:34","slug":"entre-solos-semeando-conexoes","status":"publish","type":"page","link":"https:\/\/cop30.pactoglobal.org.br\/index.php\/entre-solos-semeando-conexoes\/","title":{"rendered":"Entre Solos: Semeando Conex\u00f5es"},"content":{"rendered":"\t\t<div data-elementor-type=\"wp-page\" data-elementor-id=\"1465\" class=\"elementor elementor-1465\">\n\t\t\t\t<div class=\"elementor-element elementor-element-59dd924 e-con-full e-flex e-con e-parent\" data-id=\"59dd924\" data-element_type=\"container\" data-settings=\"{&quot;background_background&quot;:&quot;classic&quot;}\">\n\t\t\t\t<\/div>\n\t\t<div class=\"elementor-element elementor-element-17e3715d e-flex e-con-boxed e-con e-parent\" data-id=\"17e3715d\" data-element_type=\"container\">\n\t\t\t\t\t<div class=\"e-con-inner\">\n\t\t\t\t<div class=\"elementor-element elementor-element-46dbda2c elementor-widget elementor-widget-text-editor\" data-id=\"46dbda2c\" data-element_type=\"widget\" data-widget_type=\"text-editor.default\">\n\t\t\t\t<div class=\"elementor-widget-container\">\n\t\t\t\t\t\t\t\t\t\n<p>\u00a0<\/p>\n<p><strong>Iniciativa com a miss\u00e3o de viabilizar o debate p\u00fablico sobre sustentabilidade na agricultura com base em ci\u00eancia. Semeia conex\u00f5es entre urbano e rural para impulsionar as metas dos Objetivos de Desenvolvimento Sustent\u00e1vel relacionados \u00e0 agricultura, contribuindo para a constru\u00e7\u00e3o de agendas e compromissos que ser\u00e3o levados \u00e0 COP30.\u00a0\u00a0\u00a0<\/strong><\/p>\n\n<p><strong>QUAL O OBJETIVO?<\/strong>\u00a0<\/p>\n\n<p>Promover o di\u00e1logo sobre sustentabilidade na agricultura e na cadeia de alimentos, com base em ci\u00eancia, para que os sistemas alimentares possam contribuir com a redu\u00e7\u00e3o da pobreza, ampliar a escala de pr\u00e1ticas sustent\u00e1veis de produ\u00e7\u00e3o e consumo, incentivar a diversidade e a inclus\u00e3o no meio rural, contribuir para a adapta\u00e7\u00e3o da agricultura \u00e0 mudan\u00e7a do clima.\u00a0\u00a0<\/p>\n\n<p><strong>COMO ATINGIR?<\/strong>\u00a0<\/p>\n\n<p><strong>Di\u00e1logos Entre Solos: <\/strong>jornada de encontros promovidos durante o ano, consolidado em evento na COP30. Re\u00fane empresas, sociedade civil, academia e governo para debater desafios e solu\u00e7\u00f5es para adapta\u00e7\u00e3o dos sistemas alimentares. Os Di\u00e1logos promovem a troca de conhecimento e a colabora\u00e7\u00e3o intersetorial. Os resultados de cada Di\u00e1logo ir\u00e3o compor uma publica\u00e7\u00e3o contendo a s\u00edntese dos pontos de converg\u00eancia para avan\u00e7o da consolida\u00e7\u00e3o de uma vis\u00e3o estrat\u00e9gica pela agricultura sustent\u00e1vel no Brasil.\u00a0\u00a0<\/p>\n\n<p><strong>Pacto pela Recupera\u00e7\u00e3o dos Solos:<\/strong> iniciativa para engajar empresas na ado\u00e7\u00e3o de compromissos para promover pr\u00e1ticas para a recupera\u00e7\u00e3o e resili\u00eancia dos solos e dos sistemas alimentares.\u00a0<\/p>\n\n<p><strong>CONTEXTO?<\/strong>\u00a0<\/p>\n\n<p>A agricultura brasileira \u00e9 diversa, din\u00e2mica e essencial para a seguran\u00e7a alimentar global, desempenhando um papel central na produ\u00e7\u00e3o de alimentos, fibras e energia. Sua evolu\u00e7\u00e3o reflete a complexidade dos sistemas produtivos no pa\u00eds, que combinam desafios socioambientais e de inova\u00e7\u00e3o e a busca por maior sustentabilidade nos sistemas produtivos.\u00a0\u00a0\u00a0\u00a0<\/p>\n\n<p>A COP30, que ser\u00e1 realizada no Brasil, \u00e9 um marco nesse percurso. O evento ser\u00e1 uma oportunidade para engajar as diversas agriculturas do pa\u00eds na constru\u00e7\u00e3o de solu\u00e7\u00f5es para a adapta\u00e7\u00e3o \u00e0s mudan\u00e7as do clima. O setor pode avan\u00e7ar na ado\u00e7\u00e3o de pr\u00e1ticas regenerativas e no uso respons\u00e1vel da terra, alinhando ci\u00eancia, pol\u00edticas p\u00fablicas e modelos de neg\u00f3cios inovadores.\u00a0\u00a0\u00a0\u00a0<\/p>\n\n<p>Para isso, \u00e9 essencial um di\u00e1logo estruturado entre governo, setor privado, academia e sociedade, aprofundando o conhecimento sobre o papel da agricultura brasileira.\u00a0<\/p>\n\n<p><strong>COMO VOC\u00ca PODE SE ENGAJAR?\u00a0<\/strong>\u00a0\u00a0\u00a0<\/p>\n\n<p><strong>Di\u00e1logos Entre Solos:<\/strong>\u00a0<\/p>\n\n<ul class=\"wp-block-list\">\n<li>Participe dos debates e da constru\u00e7\u00e3o da conjuntura voltada para sustentabilidade na cadeia de alimentos.\u00a0<\/li>\n<\/ul>\n\n<p><strong>Pacto pela Recupera\u00e7\u00e3o dos Solos:<\/strong>\u00a0<\/p>\n\n<ul class=\"wp-block-list\">\n<li>Torne-se uma empresa comprometida com a recupera\u00e7\u00e3o dos solos e contribua com a agenda de sistemas alimentares.\u00a0<\/li>\n<\/ul>\n\n<p><strong>COMO PARTICIPAR<\/strong>\u00a0<\/p>\n\n<p>Para apoiar a iniciativa, envie um e-mail para <a href=\"mailto:agriculturaeflorestas@pactoglobal.org.br\" target=\"_blank\" rel=\"noreferrer noopener\">agriculturaeflorestas@pactoglobal.org.br<\/a>\u00a0<\/p>\n\n<p>Acompanhe o Entre Solos pelo <a href=\"https:\/\/www.instagram.com\/entresolos\/\" target=\"_blank\" rel=\"noreferrer noopener\">Instagram<\/a> e <a href=\"https:\/\/www.entresolos.org.br\/\" target=\"_blank\" rel=\"noreferrer noopener\">Site<\/a>.\u00a0<\/p>\n\t\t\t\t\t\t\t\t<\/div>\n\t\t\t\t<\/div>\n\t\t\t\t\t<\/div>\n\t\t\t\t<\/div>\n\t\t\t\t<\/div>\n\t\t","protected":false},"excerpt":{"rendered":"<p>\u00a0 Iniciativa com a miss\u00e3o de viabilizar o debate p\u00fablico sobre sustentabilidade na agricultura com base em ci\u00eancia. Semeia conex\u00f5es entre urbano e rural para impulsionar as metas dos Objetivos de Desenvolvimento Sustent\u00e1vel relacionados \u00e0 agricultura, contribuindo para a constru\u00e7\u00e3o de agendas e compromissos que ser\u00e3o levados \u00e0 COP30.\u00a0\u00a0\u00a0 QUAL O OBJETIVO?\u00a0 Promover o di\u00e1logo&hellip; <a class=\"more-link\" href=\"https:\/\/cop30.pactoglobal.org.br\/index.php\/entre-solos-semeando-conexoes\/\">Continue Reading <span class=\"screen-reader-text\">Entre Solos: Semeando Conex\u00f5es<\/span><\/a><\/p>\n","protected":false},"author":2,"featured_media":0,"parent":0,"menu_order":0,"comment_status":"closed","ping_status":"closed","template":"elementor_header_footer","meta":{"footnotes":""},"class_list":["post-1465","page","type-page","status-publish","hentry","entry","mb-50"],"_links":{"self":[{"href":"https:\/\/cop30.pactoglobal.org.br\/index.php\/wp-json\/wp\/v2\/pages\/1465","targetHints":{"allow":["GET"]}}],"collection":[{"href":"https:\/\/cop30.pactoglobal.org.br\/index.php\/wp-json\/wp\/v2\/pages"}],"about":[{"href":"https:\/\/cop30.pactoglobal.org.br\/index.php\/wp-json\/wp\/v2\/types\/page"}],"author":[{"embeddable":true,"href":"https:\/\/cop30.pactoglobal.org.br\/index.php\/wp-json\/wp\/v2\/users\/2"}],"replies":[{"embeddable":true,"href":"https:\/\/cop30.pactoglobal.org.br\/index.php\/wp-json\/wp\/v2\/comments?post=1465"}],"version-history":[{"count":3,"href":"https:\/\/cop30.pactoglobal.org.br\/index.php\/wp-json\/wp\/v2\/pages\/1465\/revisions"}],"predecessor-version":[{"id":1822,"href":"https:\/\/cop30.pactoglobal.org.br\/index.php\/wp-json\/wp\/v2\/pages\/1465\/revisions\/1822"}],"wp:attachment":[{"href":"https:\/\/cop30.pactoglobal.org.br\/index.php\/wp-json\/wp\/v2\/media?parent=1465"}],"curies":[{"name":"wp","href":"https:\/\/api.w.org\/{rel}","templated":true}]}}