{"id":1463,"date":"2025-03-28T11:27:15","date_gmt":"2025-03-28T11:27:15","guid":{"rendered":"https:\/\/homologcop30.pactoglobal.org.br\/?page_id=1463"},"modified":"2025-09-18T18:55:38","modified_gmt":"2025-09-18T18:55:38","slug":"combate-ao-greenwashing","status":"publish","type":"page","link":"https:\/\/cop30.pactoglobal.org.br\/index.php\/combate-ao-greenwashing\/","title":{"rendered":"Combate ao Greenwashing"},"content":{"rendered":"\t\t<div data-elementor-type=\"wp-page\" data-elementor-id=\"1463\" class=\"elementor elementor-1463\">\n\t\t\t\t<div class=\"elementor-element elementor-element-feba679 e-con-full e-flex e-con e-parent\" data-id=\"feba679\" data-element_type=\"container\" data-settings=\"{&quot;background_background&quot;:&quot;classic&quot;}\">\n\t\t\t\t<\/div>\n\t\t<div class=\"elementor-element elementor-element-2e54a3ae e-flex e-con-boxed e-con e-parent\" data-id=\"2e54a3ae\" data-element_type=\"container\">\n\t\t\t\t\t<div class=\"e-con-inner\">\n\t\t\t\t<div class=\"elementor-element elementor-element-10857cc elementor-widget elementor-widget-text-editor\" data-id=\"10857cc\" data-element_type=\"widget\" data-widget_type=\"text-editor.default\">\n\t\t\t\t<div class=\"elementor-widget-container\">\n\t\t\t\t\t\t\t\t\t\n<p>\u00a0<\/p>\n<p><strong>O projeto \u2018Combate ao Greenwashing\u2019 re\u00fane as Plataformas de A\u00e7\u00e3o contra a Corrup\u00e7\u00e3o, A\u00e7\u00e3o pelo Clima e A\u00e7\u00e3o para Comunicar e Engajar em prol da integridade na comunica\u00e7\u00e3o sobre compromissos ambientais.\u00a0<\/strong><\/p>\n\n<p><strong>QUAL O OBJETIVO?<\/strong>\u00a0<\/p>\n\n<p>O projeto visa fortalecer o papel dos profissionais de compliance na preven\u00e7\u00e3o do <em>greenwashing<\/em> no \u00e2mbito da comunica\u00e7\u00e3o institucional das empresas, tornando-os parte essencial no processo de valida\u00e7\u00e3o e verifica\u00e7\u00e3o das informa\u00e7\u00f5es.\u00a0\u00a0<\/p>\n\n<p><strong>COMO ATINGIR?<\/strong>\u00a0<\/p>\n\n<p>Proporcionando a constru\u00e7\u00e3o colaborativa de conhecimento em prol de uma maior conformidade dos relat\u00f3rios de sustentabilidade das empresas brasileiras com as exig\u00eancias regulat\u00f3rias e as melhores pr\u00e1ticas de integridade e transpar\u00eancia.\u00a0<\/p>\n\n<p><strong>CONTEXTO<\/strong>\u00a0<\/p>\n\n<p>O aumento de casos de greenwashing em campanhas publicit\u00e1rias e em relat\u00f3rios de sustentabilidade trazem \u00e0 tona a falta de materialidade dos temas ESG, a aus\u00eancia de impactos ben\u00e9ficos ao meio ambiente e a falta de comprometimento e responsabiliza\u00e7\u00e3o das empresas com suas metas de sustentabilidade. Esse cen\u00e1rio gera desconfian\u00e7a no mercado.\u00a0\u00a0<\/p>\n\n<p>Dessa forma, profissionais de sustentabilidade, de comunica\u00e7\u00e3o e compliance possuem um papel fundamental no combate ao <em>greenwashing.<\/em>\u00a0<\/p>\n\n<p>O compliance, al\u00e9m de trabalhar para assegurar que as leis e regulamenta\u00e7\u00f5es sejam corretamente cumpridas, tamb\u00e9m tem o papel fundamental de resguardar a reputa\u00e7\u00e3o e assegurar as condutas \u00e9ticas e \u00edntegras para dentro e para fora da empresa.\u00a0\u00a0<\/p>\n\n<p>Dessa forma, o projeto busca integrar a agendas e capacitar as empresas nas melhores pr\u00e1ticas de comunica\u00e7\u00e3o institucional sobre suas a\u00e7\u00f5es de sustentabilidade ambiental, garantindo a conformidade em todas as etapas do processo. O esfor\u00e7o contribuir\u00e1 para a maior conformidade da comunica\u00e7\u00e3o das empresas com as normas padronizadas (IFRS S1 e S2) definidas pelo International Sustainability Standards Board (ISSB), al\u00e9m do regimento de sustentabilidade do C\u00f3digo Brasileiro de Autorregulamenta\u00e7\u00e3o Publicit\u00e1ria (CONAR) e da Comiss\u00e3o de Valores Mobili\u00e1rios (CVM).\u00a0<\/p>\n\n<p><strong>P\u00daBLICO-ALVO\u00a0<\/strong>\u00a0<\/p>\n\n<ul class=\"wp-block-list\">\n<li>Profissionais de compliance em geral;\u00a0<\/li>\n<\/ul>\n\n<ul class=\"wp-block-list\">\n<li>Profissionais de sustentabilidade;\u00a0<\/li>\n<\/ul>\n\n<ul class=\"wp-block-list\">\n<li>Profissionais de comunica\u00e7\u00e3o respons\u00e1veis pela comunica\u00e7\u00e3o institucional das companhias.\u00a0<\/li>\n<\/ul>\n\n<p><strong>COMO VOC\u00ca PODE SE ENGAJAR?<\/strong>\u00a0<\/p>\n\n<p><strong>Webinars sobre greenwashing\u00a0<\/strong>\u00a0<\/p>\n\n<p>Participe de encontros online com convidados externos, representantes de entidades reguladoras e especialistas no combate ao greenwashing.\u00a0<\/p>\n\n<p><strong>Capacita\u00e7\u00e3o presencial<\/strong>\u00a0<\/p>\n\n<p>Participe de um workshop com dura\u00e7\u00e3o de 8 horas sobre o tema em S\u00e3o Paulo (SP), com vagas limitadas.\u00a0<\/p>\n\n<p><strong>VOC\u00ca AINDA TER\u00c1 ACESSO A<\/strong>\u00a0<\/p>\n\n<p>Guia completo de Combate ao Greenwashing \u2013 guia completo sobre as melhores pr\u00e1ticas sobre como combater o greenwashing na comunica\u00e7\u00e3o institucional das empresas.\u00a0<\/p>\n\n<p>Toolkit de Combate ao Greenwashing &#8211; um guia pr\u00e1tico resumido sobre o assunto.\u00a0<\/p>\n\n<p>V\u00eddeos animados informativos sobre o assunto.\u00a0<\/p>\n\n<p><strong>PR\u00c9-REQUISITOS PARA PARTICIPAR<\/strong>\u00a0<\/p>\n\n<p>Sua empresa precisa ser participante do do Pacto Global \u2013 Rede Brasil e ser parte de ao menos uma das Plataformas de A\u00e7\u00e3o pelo Clima, Contra a Corrup\u00e7\u00e3o ou A\u00e7\u00e3o para Comunicar e Engajar.\u00a0\u00a0\u00a0<\/p>\n\t\t\t\t\t\t\t\t<\/div>\n\t\t\t\t<\/div>\n\t\t\t\t\t<\/div>\n\t\t\t\t<\/div>\n\t\t\t\t<\/div>\n\t\t","protected":false},"excerpt":{"rendered":"<p>\u00a0 O projeto \u2018Combate ao Greenwashing\u2019 re\u00fane as Plataformas de A\u00e7\u00e3o contra a Corrup\u00e7\u00e3o, A\u00e7\u00e3o pelo Clima e A\u00e7\u00e3o para Comunicar e Engajar em prol da integridade na comunica\u00e7\u00e3o sobre compromissos ambientais.\u00a0 QUAL O OBJETIVO?\u00a0 O projeto visa fortalecer o papel dos profissionais de compliance na preven\u00e7\u00e3o do greenwashing no \u00e2mbito da comunica\u00e7\u00e3o institucional das&hellip; <a class=\"more-link\" href=\"https:\/\/cop30.pactoglobal.org.br\/index.php\/combate-ao-greenwashing\/\">Continue Reading <span class=\"screen-reader-text\">Combate ao Greenwashing<\/span><\/a><\/p>\n","protected":false},"author":2,"featured_media":0,"parent":0,"menu_order":0,"comment_status":"closed","ping_status":"closed","template":"elementor_header_footer","meta":{"footnotes":""},"class_list":["post-1463","page","type-page","status-publish","hentry","entry","mb-50"],"_links":{"self":[{"href":"https:\/\/cop30.pactoglobal.org.br\/index.php\/wp-json\/wp\/v2\/pages\/1463","targetHints":{"allow":["GET"]}}],"collection":[{"href":"https:\/\/cop30.pactoglobal.org.br\/index.php\/wp-json\/wp\/v2\/pages"}],"about":[{"href":"https:\/\/cop30.pactoglobal.org.br\/index.php\/wp-json\/wp\/v2\/types\/page"}],"author":[{"embeddable":true,"href":"https:\/\/cop30.pactoglobal.org.br\/index.php\/wp-json\/wp\/v2\/users\/2"}],"replies":[{"embeddable":true,"href":"https:\/\/cop30.pactoglobal.org.br\/index.php\/wp-json\/wp\/v2\/comments?post=1463"}],"version-history":[{"count":3,"href":"https:\/\/cop30.pactoglobal.org.br\/index.php\/wp-json\/wp\/v2\/pages\/1463\/revisions"}],"predecessor-version":[{"id":1818,"href":"https:\/\/cop30.pactoglobal.org.br\/index.php\/wp-json\/wp\/v2\/pages\/1463\/revisions\/1818"}],"wp:attachment":[{"href":"https:\/\/cop30.pactoglobal.org.br\/index.php\/wp-json\/wp\/v2\/media?parent=1463"}],"curies":[{"name":"wp","href":"https:\/\/api.w.org\/{rel}","templated":true}]}}