{"id":1461,"date":"2025-03-28T11:26:14","date_gmt":"2025-03-28T11:26:14","guid":{"rendered":"https:\/\/homologcop30.pactoglobal.org.br\/?page_id=1461"},"modified":"2025-09-18T18:25:23","modified_gmt":"2025-09-18T18:25:23","slug":"coalizao-brasileira-pela-resiliencia-hidrica","status":"publish","type":"page","link":"https:\/\/cop30.pactoglobal.org.br\/index.php\/coalizao-brasileira-pela-resiliencia-hidrica\/","title":{"rendered":"COALIZ\u00c3O BRASILEIRA PELA RESILI\u00caNCIA H\u00cdDRICA"},"content":{"rendered":"\t\t<div data-elementor-type=\"wp-page\" data-elementor-id=\"1461\" class=\"elementor elementor-1461\">\n\t\t\t\t<div class=\"elementor-element elementor-element-41bde9b e-con-full e-flex e-con e-parent\" data-id=\"41bde9b\" data-element_type=\"container\" data-settings=\"{&quot;background_background&quot;:&quot;classic&quot;}\">\n\t\t\t\t<\/div>\n\t\t<div class=\"elementor-element elementor-element-29277a7f e-flex e-con-boxed e-con e-parent\" data-id=\"29277a7f\" data-element_type=\"container\" data-settings=\"{&quot;background_background&quot;:&quot;classic&quot;}\">\n\t\t\t\t\t<div class=\"e-con-inner\">\n\t\t\t\t<div class=\"elementor-element elementor-element-529d2c80 elementor-widget elementor-widget-text-editor\" data-id=\"529d2c80\" data-element_type=\"widget\" data-widget_type=\"text-editor.default\">\n\t\t\t\t<div class=\"elementor-widget-container\">\n\t\t\t\t\t\t\t\t\t\n<p>\u00a0<\/p>\n<p><strong>A Coaliz\u00e3o Brasileira pela Resili\u00eancia H\u00eddrica, ligada ao Movimento +\u00c1gua, promove seguran\u00e7a h\u00eddrica em bacias hidrogr\u00e1ficas sob estresse ao conect\u00e1-las com empresas que querem investir em a\u00e7\u00f5es de seguran\u00e7a h\u00eddrica e organiza\u00e7\u00f5es que conservam e restauram. A iniciativa reflete a ambi\u00e7\u00e3o global do projeto Water Resilience Coalition, promovido pelo CEO Water Mandate do Pacto Global da ONU.\u00a0<\/strong><\/p>\n\n<p><strong>QUAL O OBJETIVO?<\/strong>\u00a0<\/p>\n\n<p>O projeto busca mobilizar empresas e parceiros para garantir impactos positivos e escal\u00e1veis, abordando a seguran\u00e7a h\u00eddrica de forma estrat\u00e9gica e regionalizada nos biomas brasileiros.\u00a0\u00a0<\/p>\n\n<p><strong>COMO ATINGIR?<\/strong>\u00a0<\/p>\n\n<p>Por meio de a\u00e7\u00f5es de conserva\u00e7\u00e3o, preserva\u00e7\u00e3o e restaura\u00e7\u00e3o, assim como de solu\u00e7\u00f5es espec\u00edficas para o abastecimento de \u00e1gua e saneamento b\u00e1sico, a iniciativa promove benef\u00edcios que v\u00e3o al\u00e9m da prote\u00e7\u00e3o ambiental, impactando diretamente a resili\u00eancia das empresas e das comunidades que delas dependem.\u00a0<\/p>\n\n<p>A Coaliz\u00e3o Brasileira pela Resili\u00eancia H\u00eddrica apresenta um portf\u00f3lio de atividades concretas que oferecem benef\u00edcios diretos e mensur\u00e1veis para empresas e comunidades. Exemplos incluem a constru\u00e7\u00e3o de barraginhas para capta\u00e7\u00e3o de \u00e1gua, manuten\u00e7\u00e3o de cercamento e restaura\u00e7\u00e3o de \u00e1reas degradadas, que asseguram a recarga dos aqu\u00edferos e a preserva\u00e7\u00e3o de nascentes.\u00a0\u00a0<\/p>\n\n<p>Outras a\u00e7\u00f5es, como a instala\u00e7\u00e3o de cisternas para capta\u00e7\u00e3o de \u00e1gua da chuva e fossas s\u00e9pticas biodigestoras, promovem sustentabilidade no uso e no tratamento da \u00e1gua, alinhando as opera\u00e7\u00f5es empresariais \u00e0s demandas ambientais e sociais. Ao viabilizar iniciativas como essas, as empresas demonstram seu compromisso com um futuro sustent\u00e1vel, alinhando-se \u00e0s melhores pr\u00e1ticas globais de governan\u00e7a ambiental.\u00a0<\/p>\n\n<p><strong>CONTEXTO<\/strong>\u00a0<\/p>\n\n<p>Investir em seguran\u00e7a h\u00eddrica n\u00e3o \u00e9 apenas uma quest\u00e3o de responsabilidade socioambiental, mas tamb\u00e9m uma estrat\u00e9gia essencial para a resili\u00eancia dos neg\u00f3cios. A escassez de \u00e1gua, intensificada pelas mudan\u00e7as do clima, afeta diretamente opera\u00e7\u00f5es industriais, agr\u00edcolas e comerciais, colocando em risco a continuidade das atividades econ\u00f4micas.\u00a0\u00a0<\/p>\n\n<p>Ao participar dessa iniciativa, as empresas contribuem para a prote\u00e7\u00e3o de recursos h\u00eddricos indispens\u00e1veis para suas cadeias de valor, enquanto fortalecem sua imagem e reputa\u00e7\u00e3o junto a consumidores e investidores que exigem compromisso com pr\u00e1ticas sustent\u00e1veis. Al\u00e9m disso, a\u00e7\u00f5es como restaura\u00e7\u00e3o e preserva\u00e7\u00e3o de matas ciliares ajudam a mitigar emiss\u00f5es de carbono, contribuindo para a adapta\u00e7\u00e3o e combate \u00e0s mudan\u00e7as do clima.\u00a0<\/p>\n\n<p><strong>O QUE SUA EMPRESA GANHA?<\/strong>\u00a0<\/p>\n\n<p>Al\u00e9m de assegurar a continuidade de seus neg\u00f3cios, as empresas que investem em projetos como esse assumem um papel protagonista na constru\u00e7\u00e3o de uma economia mais resiliente e sustent\u00e1vel.\u00a0\u00a0<\/p>\n\n<p>Ao contribuir para a prote\u00e7\u00e3o das bacias hidrogr\u00e1ficas, preserva\u00e7\u00e3o da biodiversidade e resili\u00eancia clim\u00e1tica, elas n\u00e3o apenas ajudam a mitigar os impactos das mudan\u00e7as do clima, mas tamb\u00e9m promovem um legado positivo para as gera\u00e7\u00f5es futuras.\u00a0\u00a0<\/p>\n\n<p>Nesse contexto, investir em \u00e1gua \u00e9 investir em solu\u00e7\u00f5es estruturantes para a sociedade, garantindo a longevidade dos neg\u00f3cios e a sa\u00fade do planeta.\u00a0<\/p>\n\n<p><strong>COMO VOC\u00ca PODE SE ENGAJAR?\u00a0<\/strong>\u00a0\u00a0\u00a0<\/p>\n\n<p>Ao participar da Coaliza\u00e7\u00e3o Brasileira pela Resili\u00eancia H\u00eddrica sua empresa ter\u00e1 acesso a:\u00a0<\/p>\n\n<p>&#8211; Governan\u00e7a e monitoramento do impacto positivo gerado pelo aporte de recursos na bacia hidrogr\u00e1fica inserida no projeto selecionado da Coaliz\u00e3o;\u00a0\u00a0\u00a0\u00a0<\/p>\n\n<p>&#8211; Mensura\u00e7\u00e3o do impacto do Projeto via reporte anual da Coaliz\u00e3o, indicando a import\u00e2ncia da iniciativa na garantia de mais quantidade e qualidade de \u00e1gua para abastecimento humano e setor produtivo;\u00a0\u00a0\u00a0<\/p>\n\n<p>&#8211; Capacita\u00e7\u00e3o sobre riscos h\u00eddricos e saneamento b\u00e1sico, atualizando os participantes da Coaliz\u00e3o em rela\u00e7\u00e3o as inova\u00e7\u00f5es tecnol\u00f3gicas para as pr\u00e1ticas de conserva\u00e7\u00e3o e restaura\u00e7\u00e3o de bacias hidrogr\u00e1ficas e\u00a0\u00a0<\/p>\n\n<p>&#8211; Destaque sobre a atua\u00e7\u00e3o da empresa em comunica\u00e7\u00f5es, reuni\u00f5es e eventos da Coaliz\u00e3o, realizados pela Plataforma de \u00c1gua e Oceano, e muito mais.\u00a0<\/p>\n\n<p><strong>PR\u00c9-REQUISITOS PARA PARTICIPAR<\/strong>\u00a0<\/p>\n\n<p>Sua empresa precisa fazer parte do Pacto Global \u2013 Rede Brasil e ser comprometida com o Movimento + \u00c1gua.\u00a0<\/p>\n<p>\u00a0<\/p>\n\t\t\t\t\t\t\t\t<\/div>\n\t\t\t\t<\/div>\n\t\t\t\t\t<\/div>\n\t\t\t\t<\/div>\n\t\t\t\t<\/div>\n\t\t","protected":false},"excerpt":{"rendered":"<p>\u00a0 A Coaliz\u00e3o Brasileira pela Resili\u00eancia H\u00eddrica, ligada ao Movimento +\u00c1gua, promove seguran\u00e7a h\u00eddrica em bacias hidrogr\u00e1ficas sob estresse ao conect\u00e1-las com empresas que querem investir em a\u00e7\u00f5es de seguran\u00e7a h\u00eddrica e organiza\u00e7\u00f5es que conservam e restauram. A iniciativa reflete a ambi\u00e7\u00e3o global do projeto Water Resilience Coalition, promovido pelo CEO Water Mandate do Pacto&hellip; <a class=\"more-link\" href=\"https:\/\/cop30.pactoglobal.org.br\/index.php\/coalizao-brasileira-pela-resiliencia-hidrica\/\">Continue Reading <span class=\"screen-reader-text\">COALIZ\u00c3O BRASILEIRA PELA RESILI\u00caNCIA H\u00cdDRICA<\/span><\/a><\/p>\n","protected":false},"author":2,"featured_media":0,"parent":0,"menu_order":0,"comment_status":"closed","ping_status":"closed","template":"elementor_header_footer","meta":{"footnotes":""},"class_list":["post-1461","page","type-page","status-publish","hentry","entry","mb-50"],"_links":{"self":[{"href":"https:\/\/cop30.pactoglobal.org.br\/index.php\/wp-json\/wp\/v2\/pages\/1461","targetHints":{"allow":["GET"]}}],"collection":[{"href":"https:\/\/cop30.pactoglobal.org.br\/index.php\/wp-json\/wp\/v2\/pages"}],"about":[{"href":"https:\/\/cop30.pactoglobal.org.br\/index.php\/wp-json\/wp\/v2\/types\/page"}],"author":[{"embeddable":true,"href":"https:\/\/cop30.pactoglobal.org.br\/index.php\/wp-json\/wp\/v2\/users\/2"}],"replies":[{"embeddable":true,"href":"https:\/\/cop30.pactoglobal.org.br\/index.php\/wp-json\/wp\/v2\/comments?post=1461"}],"version-history":[{"count":6,"href":"https:\/\/cop30.pactoglobal.org.br\/index.php\/wp-json\/wp\/v2\/pages\/1461\/revisions"}],"predecessor-version":[{"id":1802,"href":"https:\/\/cop30.pactoglobal.org.br\/index.php\/wp-json\/wp\/v2\/pages\/1461\/revisions\/1802"}],"wp:attachment":[{"href":"https:\/\/cop30.pactoglobal.org.br\/index.php\/wp-json\/wp\/v2\/media?parent=1461"}],"curies":[{"name":"wp","href":"https:\/\/api.w.org\/{rel}","templated":true}]}}