{"id":1459,"date":"2025-03-28T11:23:51","date_gmt":"2025-03-28T11:23:51","guid":{"rendered":"https:\/\/homologcop30.pactoglobal.org.br\/?page_id=1459"},"modified":"2025-09-23T13:49:54","modified_gmt":"2025-09-23T13:49:54","slug":"centro-de-oceano","status":"publish","type":"page","link":"https:\/\/cop30.pactoglobal.org.br\/index.php\/centro-de-oceano\/","title":{"rendered":"Centro de Oceano"},"content":{"rendered":"\t\t<div data-elementor-type=\"wp-page\" data-elementor-id=\"1459\" class=\"elementor elementor-1459\">\n\t\t\t\t<div class=\"elementor-element elementor-element-db1fcec e-con-full e-flex e-con e-parent\" data-id=\"db1fcec\" data-element_type=\"container\" data-settings=\"{&quot;background_background&quot;:&quot;classic&quot;}\">\n\t\t\t\t<\/div>\n\t\t<div class=\"elementor-element elementor-element-ca9754c e-flex e-con-boxed e-con e-parent\" data-id=\"ca9754c\" data-element_type=\"container\">\n\t\t\t\t\t<div class=\"e-con-inner\">\n\t\t\t\t<div class=\"elementor-element elementor-element-c9b01f elementor-widget elementor-widget-text-editor\" data-id=\"c9b01f\" data-element_type=\"widget\" data-widget_type=\"text-editor.default\">\n\t\t\t\t<div class=\"elementor-widget-container\">\n\t\t\t\t\t\t\t\t\t\n<p>\u00a0<\/p>\n<p>Centro colaborativo para empresas, comunidades e outras partes interessadas comprometidas com pr\u00e1ticas empresariais sustent\u00e1veis e seguras nas ind\u00fastrias oce\u00e2nicas.\u00a0<\/p>\n\n<p><strong>QUAL O OBJETIVO?<\/strong>\u00a0<\/p>\n\n<p>O Centro de Oceano (Ocean Centers) \u00e9 uma iniciativa que visa criar plataformas colaborativas para empresas, comunidades e outras partes interessadas comprometidas com pr\u00e1ticas empresariais sustent\u00e1veis e seguras nas ind\u00fastrias oce\u00e2nicas. O projeto, implementado em 7 pa\u00edses, conta com a supervis\u00e3o do UN Global Compact (UNGC), por meio do departamento Ocean Stewardship Coalition (OSC), com subs\u00eddios da Lloyds Register Foundation (LRF). Juntas, as duas organiza\u00e7\u00f5es buscam acelerar o trabalho das Redes Locais do Pacto Global para incentivar os atores locais a adotar e integrar a seguran\u00e7a em todas as pr\u00e1ticas e programas empresariais de maneira sustent\u00e1vel.\u00a0<\/p>\n\n<p><strong>COMO ATINGIR?<\/strong>\u00a0<\/p>\n\n<p>Engajando o setor privado em iniciativas como o Centro de Oceano, que representa mais do que um compromisso ambiental: \u00e9 uma decis\u00e3o estrat\u00e9gica para a longevidade dos neg\u00f3cios. O cen\u00e1rio global de regula\u00e7\u00e3o clim\u00e1tica e os crescentes custos associados \u00e0s emiss\u00f5es de carbono refor\u00e7am que investir na descarboniza\u00e7\u00e3o n\u00e3o \u00e9 uma escolha, mas uma necessidade. Al\u00e9m disso, novas tecnologias despontam e o Brasil tem grande potencialidade de estar a vanguarda nessa tem\u00e1tica.\u00a0<\/p>\n\n<p>A atua\u00e7\u00e3o do GT, ao mapear desafios e oportunidades e fomentar a implementa\u00e7\u00e3o de projetos piloto, oferece \u00e0s empresas ferramentas concretas para liderar a transi\u00e7\u00e3o energ\u00e9tica, reduzindo riscos financeiros e operacionais associados \u00e0 ina\u00e7\u00e3o. Participar desse movimento posiciona as empresas como pioneiras e fortalece sua competitividade em mercados nacionais e internacionais. Al\u00e9m disso, a troca com as demais redes locais e o suporte da OSC e da LRF vir\u00e1 para agregar ainda mais valor ao trabalho realizado no pa\u00eds.\u00a0<\/p>\n\n<p><strong>CONTEXTO<\/strong>\u00a0<\/p>\n\n<p>A Fase 1 (Fase de Escopo) foi realizada de julho de 2022 a agosto de 2023, por meio do Grupo de Trabalho de Neg\u00f3cios Oce\u00e2nicos, o qual produziu um <a href=\"https:\/\/go.pactoglobal.org.br\/frameworkforaction\" target=\"_blank\" rel=\"noreferrer noopener\">relat\u00f3rio nacional<\/a> que aborda quest\u00f5es-chave sobre descarboniza\u00e7\u00e3o da frota portu\u00e1ria e mar\u00edtima do Brasil, partes interessadas e a capacidade das redes locais.\u00a0\u00a0<\/p>\n\n<p>A Fase 2 (Fase de Implementa\u00e7\u00e3o) do Centro de Oceano aproveitar\u00e1 esses resultados para construir uma comunidade de partes interessadas comprometidas em abordar lacunas espec\u00edficas e oportunidades para uma economia oce\u00e2nica segura e sustent\u00e1vel no Brasil.\u00a0<\/p>\n\n<p>A Fase 3 (P\u00f3s Implementa\u00e7\u00e3o) se dar\u00e1 a partir dos resultados alcan\u00e7ados em todo o processo e de como as institui\u00e7\u00f5es detentoras dos Centros de Oceano ir\u00e3o endere\u00e7ar os desafios seguintes.\u00a0<\/p>\n\n<p><strong>COMO VOC\u00ca PODE SE ENGAJAR?<\/strong>\u00a0<\/p>\n\n<p>O Centro de Oceano promove uma abordagem colaborativa, com encontros regulares para networking, compartilhamento de boas pr\u00e1ticas e acompanhamento das entregas previstas. Esses momentos possibilitam que as empresas participantes aprendam umas com as outras e ajustem suas estrat\u00e9gias de acordo com as li\u00e7\u00f5es extra\u00eddas de casos reais.\u00a0\u00a0<\/p>\n\n<p>O desenvolvimento de projetos piloto de descarboniza\u00e7\u00e3o e a integra\u00e7\u00e3o de pr\u00e1ticas inovadoras na cadeia de suprimentos ampliam ainda mais o alcance e os benef\u00edcios para os participantes. Dessa forma, o Centro de Oceano n\u00e3o apenas acelera a implementa\u00e7\u00e3o da descarboniza\u00e7\u00e3o e de outras pr\u00e1ticas mais sustent\u00e1veis, mas tamb\u00e9m fomenta um ecossistema empresarial mais robusto e resiliente.\u00a0<\/p>\n\n<p><strong>PR\u00c9-REQUISITOS PARA PARTICIPAR<\/strong>\u00a0<\/p>\n\n<p>Empresas devem fazer parte da Plataforma de A\u00e7\u00e3o pela \u00c1gua, Oceano e Res\u00edduos e da Plataforma de A\u00e7\u00e3o pelo Clima.\u00a0<\/p>\n\n<p>Acesse \u00e0 publica\u00e7\u00e3o resultado da primeira fase do projeto:\u00a0<\/p>\n\n<p>Acelerando a Descarboniza\u00e7\u00e3o Portu\u00e1ria e Mar\u00edtima no Brasil &#8211; Framework For Action (<a href=\"https:\/\/go.pactoglobal.org.br\/frameworkforaction\" target=\"_blank\" rel=\"noreferrer noopener\">portugu\u00eas<\/a> ou <a href=\"https:\/\/go.pactoglobal.org.br\/frameworkforaction\" target=\"_blank\" rel=\"noreferrer noopener\">ingl\u00eas<\/a>)\u00a0<\/p>\n<p>\u00a0<\/p>\n\t\t\t\t\t\t\t\t<\/div>\n\t\t\t\t<\/div>\n\t\t\t\t\t<\/div>\n\t\t\t\t<\/div>\n\t\t\t\t<\/div>\n\t\t","protected":false},"excerpt":{"rendered":"<p>\u00a0 Centro colaborativo para empresas, comunidades e outras partes interessadas comprometidas com pr\u00e1ticas empresariais sustent\u00e1veis e seguras nas ind\u00fastrias oce\u00e2nicas.\u00a0 QUAL O OBJETIVO?\u00a0 O Centro de Oceano (Ocean Centers) \u00e9 uma iniciativa que visa criar plataformas colaborativas para empresas, comunidades e outras partes interessadas comprometidas com pr\u00e1ticas empresariais sustent\u00e1veis e seguras nas ind\u00fastrias oce\u00e2nicas. O&hellip; <a class=\"more-link\" href=\"https:\/\/cop30.pactoglobal.org.br\/index.php\/centro-de-oceano\/\">Continue Reading <span class=\"screen-reader-text\">Centro de Oceano<\/span><\/a><\/p>\n","protected":false},"author":2,"featured_media":0,"parent":0,"menu_order":0,"comment_status":"closed","ping_status":"closed","template":"elementor_header_footer","meta":{"footnotes":""},"class_list":["post-1459","page","type-page","status-publish","hentry","entry","mb-50"],"_links":{"self":[{"href":"https:\/\/cop30.pactoglobal.org.br\/index.php\/wp-json\/wp\/v2\/pages\/1459","targetHints":{"allow":["GET"]}}],"collection":[{"href":"https:\/\/cop30.pactoglobal.org.br\/index.php\/wp-json\/wp\/v2\/pages"}],"about":[{"href":"https:\/\/cop30.pactoglobal.org.br\/index.php\/wp-json\/wp\/v2\/types\/page"}],"author":[{"embeddable":true,"href":"https:\/\/cop30.pactoglobal.org.br\/index.php\/wp-json\/wp\/v2\/users\/2"}],"replies":[{"embeddable":true,"href":"https:\/\/cop30.pactoglobal.org.br\/index.php\/wp-json\/wp\/v2\/comments?post=1459"}],"version-history":[{"count":6,"href":"https:\/\/cop30.pactoglobal.org.br\/index.php\/wp-json\/wp\/v2\/pages\/1459\/revisions"}],"predecessor-version":[{"id":1863,"href":"https:\/\/cop30.pactoglobal.org.br\/index.php\/wp-json\/wp\/v2\/pages\/1459\/revisions\/1863"}],"wp:attachment":[{"href":"https:\/\/cop30.pactoglobal.org.br\/index.php\/wp-json\/wp\/v2\/media?parent=1459"}],"curies":[{"name":"wp","href":"https:\/\/api.w.org\/{rel}","templated":true}]}}